{"id":681,"date":"2022-05-14T08:38:17","date_gmt":"2022-05-14T06:38:17","guid":{"rendered":"https:\/\/bio-pina.com\/izdelek\/pillow-case\/"},"modified":"2023-02-13T12:08:25","modified_gmt":"2023-02-13T11:08:25","slug":"pillow-cover","status":"publish","type":"product","link":"https:\/\/bio-pina.com\/en\/izdelek\/pillow-cover\/","title":{"rendered":"Pillow cover"},"content":{"rendered":"<p><a href=\"https:\/\/bio-pina.com\/en\/trgovina\/\"><img loading=\"lazy\" decoding=\"async\" class=\" wp-image-308\" src=\"https:\/\/bio-pina.com\/wp-content\/uploads\/2022\/02\/biopina-favicon.png\" alt=\"Petra Rant\" width=\"43\" height=\"43\" srcset=\"https:\/\/bio-pina.com\/wp-content\/uploads\/2022\/02\/biopina-favicon.png 155w, https:\/\/bio-pina.com\/wp-content\/uploads\/2022\/02\/biopina-favicon-100x100.png 100w, https:\/\/bio-pina.com\/wp-content\/uploads\/2022\/02\/biopina-favicon-150x150.png 150w\" sizes=\"(max-width: 43px) 100vw, 43px\" \/><\/a><\/p>\n","protected":false},"excerpt":{"rendered":"<p>Beige cover made of 100% organic cotton (GOTS), Oeko-Tex Standard 100 certified.<br \/>\nIt has a built-in zipper and is washable at 60 \u00b0 C.<\/p>\n<p>Size: 40 x 60 cm<\/p>\n","protected":false},"featured_media":440,"comment_status":"open","ping_status":"closed","template":"","meta":{"_et_pb_use_builder":"","_et_pb_old_content":"","_et_gb_content_width":""},"product_brand":[],"product_cat":[40],"product_tag":[],"class_list":{"0":"post-681","1":"product","2":"type-product","3":"status-publish","4":"has-post-thumbnail","6":"product_cat-swiss-pine-pillows","8":"first","9":"instock","10":"shipping-taxable","11":"purchasable","12":"product-type-variable"},"yoast_head":"<!-- This site is optimized with the Yoast SEO plugin v27.4 - https:\/\/yoast.com\/product\/yoast-seo-wordpress\/ -->\n<title>Pillow cover - Biopina<\/title>\n<meta name=\"description\" content=\"Pillow cover in beige color made of 100% organic cotton (GOTS) and Oeko-Tex Standard 100 certified. It has a built-in zipper and is washable at 60 \u00b0 C.\" \/>\n<meta name=\"robots\" content=\"index, follow, max-snippet:-1, max-image-preview:large, max-video-preview:-1\" \/>\n<link rel=\"canonical\" href=\"https:\/\/bio-pina.com\/en\/izdelek\/pillow-cover\/\" \/>\n<meta property=\"og:locale\" content=\"en_US\" \/>\n<meta property=\"og:type\" content=\"article\" \/>\n<meta property=\"og:title\" content=\"Pillow cover - Biopina\" \/>\n<meta property=\"og:description\" content=\"Pillow cover in beige color made of 100% organic cotton (GOTS) and Oeko-Tex Standard 100 certified. It has a built-in zipper and is washable at 60 \u00b0 C.\" \/>\n<meta property=\"og:url\" content=\"https:\/\/bio-pina.com\/en\/izdelek\/pillow-cover\/\" \/>\n<meta property=\"og:site_name\" content=\"Biopina\" \/>\n<meta property=\"article:modified_time\" content=\"2023-02-13T11:08:25+00:00\" \/>\n<meta property=\"og:image\" content=\"https:\/\/bio-pina.com\/wp-content\/uploads\/2022\/05\/Prevleka-2-scaled.jpg\" \/>\n\t<meta property=\"og:image:width\" content=\"2560\" \/>\n\t<meta property=\"og:image:height\" content=\"2560\" \/>\n\t<meta property=\"og:image:type\" content=\"image\/jpeg\" \/>\n<meta name=\"twitter:card\" content=\"summary_large_image\" \/>\n<meta name=\"twitter:label1\" content=\"Est. reading time\" \/>\n\t<meta name=\"twitter:data1\" content=\"1 minute\" \/>\n<script type=\"application\/ld+json\" class=\"yoast-schema-graph\">{\"@context\":\"https:\\\/\\\/schema.org\",\"@graph\":[{\"@type\":\"WebPage\",\"@id\":\"https:\\\/\\\/bio-pina.com\\\/en\\\/izdelek\\\/pillow-cover\\\/\",\"url\":\"https:\\\/\\\/bio-pina.com\\\/en\\\/izdelek\\\/pillow-cover\\\/\",\"name\":\"Pillow cover - Biopina\",\"isPartOf\":{\"@id\":\"https:\\\/\\\/bio-pina.com\\\/#website\"},\"primaryImageOfPage\":{\"@id\":\"https:\\\/\\\/bio-pina.com\\\/en\\\/izdelek\\\/pillow-cover\\\/#primaryimage\"},\"image\":{\"@id\":\"https:\\\/\\\/bio-pina.com\\\/en\\\/izdelek\\\/pillow-cover\\\/#primaryimage\"},\"thumbnailUrl\":\"https:\\\/\\\/bio-pina.com\\\/wp-content\\\/uploads\\\/2022\\\/05\\\/Prevleka-2-scaled.jpg\",\"datePublished\":\"2022-05-14T06:38:17+00:00\",\"dateModified\":\"2023-02-13T11:08:25+00:00\",\"description\":\"Pillow cover in beige color made of 100% organic cotton (GOTS) and Oeko-Tex Standard 100 certified. It has a built-in zipper and is washable at 60 \u00b0 C.\",\"breadcrumb\":{\"@id\":\"https:\\\/\\\/bio-pina.com\\\/en\\\/izdelek\\\/pillow-cover\\\/#breadcrumb\"},\"inLanguage\":\"en-US\",\"potentialAction\":[{\"@type\":\"ReadAction\",\"target\":[\"https:\\\/\\\/bio-pina.com\\\/en\\\/izdelek\\\/pillow-cover\\\/\"]}]},{\"@type\":\"ImageObject\",\"inLanguage\":\"en-US\",\"@id\":\"https:\\\/\\\/bio-pina.com\\\/en\\\/izdelek\\\/pillow-cover\\\/#primaryimage\",\"url\":\"https:\\\/\\\/bio-pina.com\\\/wp-content\\\/uploads\\\/2022\\\/05\\\/Prevleka-2-scaled.jpg\",\"contentUrl\":\"https:\\\/\\\/bio-pina.com\\\/wp-content\\\/uploads\\\/2022\\\/05\\\/Prevleka-2-scaled.jpg\",\"width\":2560,\"height\":2560,\"caption\":\"Pillow Natural chusion Natural pillow Organic pillow Organic pillow cover meditation pillow neck pillow meditation cushion body pillow Sleeping pillows Sleeping pillows yoga cushion trevel pillow kids trevel pillow mandala pillow Eco pillow Eco pillow miniature pillow support pillow body pillow case body cushion Organic pillow cases Organic pillow cases mandala cushion neck support mini cushion body pillow case cover miniature cushion neck relex Storage pillow country house pillows Storage cushion Storage cushion trevel neck pillow Sleeping pillow Sleeping pillow neck support pillow body pillow case cotton baby care pillow Pillow pine Organic pillow sham Organic pillow sham hut decoration pine gifts for mom Pine pillow Pine pillow organic cushion sham organic body pillow organic body pillow cover Pine cushion Pine cushion Herbal pillow Herbal pillow baby care cushion head support pillow body pillow case pattern organic body cushion natural body cushion Energy pillow Energy pillow Aromatherapy Aromatherapy Organic pillow filled Aromatherapy Organic pillow filled Pine pillow white Pine pillow white Pine pillow white Swiss stone pine pillow alpine hat decoration pine gifts for grandpa alpine woods fragrance Switzerland pine pillow Pine wood pillow Pine wood pillow Pine wood pillow seife zirbe yoga augenkissen Swiss pine pillow Swiss pine pillow Swiss pine pillow natural pine cushion Organic pillow insert Organic pillow insert Pine pillow baby alpine hat zirbenkissen Pine pillow baby zirbenseife pine gifts for grandma Swiss pine wood pillow zirbenholz poster hirsch Pine pillow sleeoping beauty Pine pillow bege Pine pillow bege swiss pine gifts for mom Swiss stone pine cushion Swiss stone pine cushion Natural pine pillow Zirbenkissen Organic pine pillow Organic pine pillow Herbal baby pillow Herbal baby pillow swiss pine gift for grandma Natural regulation swiss stone pine cubes alternative swiss stone pine cushion costume Organic swiss pine pillow Organic swiss pine pillow Bio zirbenkissen Cemprinov vzglavnik Cemprin \u0160vicarski bor Les \u0161vicarskega bora Les cemprina Limba Les limbe Ostru\u017eki kamnitega bora Kaniti bor Vzglavnik iz limbe Pov\u0161ter iz limbe Pov\u0161ter iz cemprina Pov\u0161ter z eteri\u010dnimi olji Di\u0161e\u010di pov\u0161ter blazina z eteri\u010dnimi olji vzglavnik z eteri\u010dnimi olji borov vzglavnik borova blazina zdrava blazina naravna blazina organska blazina naravno polnilo organsko polnilo osve\u017eilec zraka naravni osve\u017eilec zraka zeli\u0161\u010dna blazina pov\u0161ter z zeli\u0161\u010di blazina z zeli\u0161\u010di eko blazina Organic cotton natural wood Pine wood organic baby pillow organic baby pollow natural baby pillow natural baby pillow Stone pine Natural filling natural filling nature flakes herbal pillow herbal organic pillow swiss pine cushion swiss pine cushion Organic pillow filled Organic pillow filled pine shavings Swiss pine Herbal baby pillow pine shavings Natural shavings Natural shavings swiss stone wood Arolla pine swiss stone wood Swiss stone pine nature shavings Pine shavings herbal cushion Zirbe Zirbe Pine flakes Pine flakes zirben holzpane Nature filling Nature filling Pine filling Nature filling Pine filling zirbenholzspane zirbenholzspane Cembro zirbenholzspane, kissenfullu Zirben Swiss pine wood Zirben Zirbenholz Swiss stone pine shavings herbal baby pillow Pinus cembra kissenfullu blazina za nose\u010dnice blazina za dojenje materinska blazina osve\u017eilec zraka naravni osve\u017eilec zraka naravno polnilo organsko polnilo nose\u010dni\u0161ka blazina pripomo\u010dek za dojenje nose\u010dni\u0161ki pripomo\u010dek nose\u010dnost zeli\u0161\u010dna blazina za dojenje zeli\u0161\u010dna nose\u010dni\u0161ka blazina naravna blazina za dojenje naravna nose\u010dni\u0161ka blazina naravna materinska blazina eko nose\u010dni\u0161ka blazina eko nose\u010dni\u0161ka blazina eko materinska blazina ekolo\u0161ka nose\u010dni\u0161ka blazina ekolo\u0161ka nose\u010dni\u0161ka blazina ekolo\u0161ka materinska blazina zeli\u0161\u010dna materinska blazina Premium blazina za dojenje Premium nose\u010dni\u0161ka blazina Premium materinska blazina Blazina za dojenje iz \u0161vicarskega bora Nose\u010dni\u0161ka blazina iz \u0161vicarskega bora Materinska blazina iz \u0161vicarskega bora Blazina za dojenje iz cemprina Nose\u010dni\u0161ka blazina iz cemprina Materinska blazina iz cemprina Blazina za dojenje iz limbe Nose\u010dni\u0161ka blazina iz limbe Materinska blazina iz limbe baby announcement pregnancy announcement baby announcement gift Baby pillow pregnancy announcement gift Mother pillow Mother pillow Organic pillow Maternity gift Maternity gift brestfeeding long pillow baby announcement gift for mom long lumber pillow pregnancy announcement gift mom body pillow body pillow baby yoga Brestfeeding gift Brestfeeding gift Brestfeeding gift support pillow body pillow case body cushion body pillow case cover Nursing pillow Nursing pillow mum helper Natural baby pillow Nursing pillow cover body pillow case cotton Baby care pillow Baby care pillow boppy pillow cover pine gifts for mom feeding pillow organic body pillow boppy cover Brestfeeding pillow boppy cover organic body pillow cover perfect gift for pregnancy Pregnancy pillow Pregnancy pillow Herbal pillow Herbal pillow Baby care cushion Baby care cushion body pillow case pattern organic body cushion perfect gift for maternity boppy cover girl perfect gift for pregnancy mom Organic nursing pillow Organic nursing pillow Banana shape boppy cover boy natural body cushion Maternity pillow Maternity pillow boppy cover neutral perfect gift for nursing mom Maternity support boppy cover pattern perfect gift for breastfeeding boppy cover waffle Arolla pine nursing pillow Baby pregnancy pillow organic Baby pregnancy pillow organic perfect gift for breastfeeding mom Arolla pine brestfeeding pillow Arolla pine brestfeeding pillow Stillkissen Bio pregnancy pillow boppy cow Bio-Stillkissen Swiss pine pregnancy pillow schwangerschaft kissen Pine pillow baby Pine pillow baby Herbal pregnancy pillow Herbal pregnancy pillow Pine pregnancy pillow Nat\u00fcrliches Stillkissen Stillkissen aus Kr\u00e4utern Arolla pine pregnancy pillow \u00d6ko-Stillkissen Bio-Schwangerschaftskissen Zirben Stillkissen Swiss stone pine pregnancy pillow Arolla pine maternity pillow Arolla pine maternity pillow Organic materity pillow Eco Schwangerschaftskissen Nursing pillow for twins Nursing pillow for twins zirbenholz poster hirsch Organic pregnancy pillow Organic pregnancy pillow Maternity pillow case Maternity pillow case Maternity support pillow Umstandskissen aus Zirbenholz Umstandskissen aus Kiefernholz zirbenkissen baby Nat\u00fcrliches Schwangerschaftskissen Umstandskissen Zirbe Biological pregnancy pillow swiss pine gifts for mom Schwangerschaftskissen aus Zirbenholz Organic brestfeeding pillow Nursing pillow pine scent Mutterschaftskissen Zirben Schwangerschaftskissen Stillkissen aus Zirbenholz Stillkissen aus Zirbenholz Natural pregnancy pillow Natural pregnancy pillow Brestfeeding pillow uk Zirbenkissen Kiefer Schwangerschaftskissen Bio-Umstandskissen Nursing pillow for pattern Nursing pillow for pattern Nests of musselin cover Maternity support cushion Maternity support cushion Organic pine pillow Herbal baby pillow swiss stone pine cushion costume Organic swiss pine pillow m\u00fctterliches Kissen Eco pregnancy pillow Organic cotton natural wood Pine wood Organic cotton mulin ecological cotton organic baby pillow natural baby pillow Stone pine Natural filling Natural filling Organic baby nursing pillow natural nursing pillow Organic pillow filled natural breastfeeding pillow natural breastfeeding pillow Swiss pine Herbal baby pillow Organic baby breastfeeding pillow eco pregnancy pillow Natural pregnancy pillow pine nursing pillow Swiss pine nursing pillow eco nursing pillow arolla pine nursing pillow eco breastfeeding pillow herbal nursing pillow Natural shavings arolla pine breastfeeding pillow herbal breastfeeding pillow pine pregnancy pillow pine breastfeeding pillow Arolla pine Arolla pine Organic baby pregnancy pillow eco maternity pillow Natural maternity pillow Arolla pine pregnancy pillow Swiss stone pine Swiss stone pine Organic baby maternity pillow Pine shavings Pine shavings pine maternity pillow swiss pine maternity pillow Zirbe Zirbe Zirbe herbal maternity pillow herbal maternity pillow Pine flakes Arolla pine maternity pillow Nature filling Pine filling Cembro Zirben Swiss pine wood Zirben Zirbenholz Swiss stone pine shavings Pinus cembra Swiss pine pregnancy pillow Swiss pine pregnancy pillow swiss pine breastfeeding pillow Petra Rant Anton Kosma\u010d masivno biopina\"},{\"@type\":\"BreadcrumbList\",\"@id\":\"https:\\\/\\\/bio-pina.com\\\/en\\\/izdelek\\\/pillow-cover\\\/#breadcrumb\",\"itemListElement\":[{\"@type\":\"ListItem\",\"position\":1,\"name\":\"Domov\",\"item\":\"https:\\\/\\\/bio-pina.com\\\/en\\\/biopina\\\/\"},{\"@type\":\"ListItem\",\"position\":2,\"name\":\"Shop\",\"item\":\"https:\\\/\\\/bio-pina.com\\\/en\\\/shop\\\/\"},{\"@type\":\"ListItem\",\"position\":3,\"name\":\"Pillow cover\"}]},{\"@type\":\"WebSite\",\"@id\":\"https:\\\/\\\/bio-pina.com\\\/#website\",\"url\":\"https:\\\/\\\/bio-pina.com\\\/\",\"name\":\"Biopina\",\"description\":\"Naravne blazine\",\"potentialAction\":[{\"@type\":\"SearchAction\",\"target\":{\"@type\":\"EntryPoint\",\"urlTemplate\":\"https:\\\/\\\/bio-pina.com\\\/?s={search_term_string}\"},\"query-input\":{\"@type\":\"PropertyValueSpecification\",\"valueRequired\":true,\"valueName\":\"search_term_string\"}}],\"inLanguage\":\"en-US\"}]}<\/script>\n<!-- \/ Yoast SEO plugin. -->","yoast_head_json":{"title":"Pillow cover - Biopina","description":"Pillow cover in beige color made of 100% organic cotton (GOTS) and Oeko-Tex Standard 100 certified. It has a built-in zipper and is washable at 60 \u00b0 C.","robots":{"index":"index","follow":"follow","max-snippet":"max-snippet:-1","max-image-preview":"max-image-preview:large","max-video-preview":"max-video-preview:-1"},"canonical":"https:\/\/bio-pina.com\/en\/izdelek\/pillow-cover\/","og_locale":"en_US","og_type":"article","og_title":"Pillow cover - Biopina","og_description":"Pillow cover in beige color made of 100% organic cotton (GOTS) and Oeko-Tex Standard 100 certified. It has a built-in zipper and is washable at 60 \u00b0 C.","og_url":"https:\/\/bio-pina.com\/en\/izdelek\/pillow-cover\/","og_site_name":"Biopina","article_modified_time":"2023-02-13T11:08:25+00:00","og_image":[{"width":2560,"height":2560,"url":"https:\/\/bio-pina.com\/wp-content\/uploads\/2022\/05\/Prevleka-2-scaled.jpg","type":"image\/jpeg"}],"twitter_card":"summary_large_image","twitter_misc":{"Est. reading time":"1 minute"},"schema":{"@context":"https:\/\/schema.org","@graph":[{"@type":"WebPage","@id":"https:\/\/bio-pina.com\/en\/izdelek\/pillow-cover\/","url":"https:\/\/bio-pina.com\/en\/izdelek\/pillow-cover\/","name":"Pillow cover - Biopina","isPartOf":{"@id":"https:\/\/bio-pina.com\/#website"},"primaryImageOfPage":{"@id":"https:\/\/bio-pina.com\/en\/izdelek\/pillow-cover\/#primaryimage"},"image":{"@id":"https:\/\/bio-pina.com\/en\/izdelek\/pillow-cover\/#primaryimage"},"thumbnailUrl":"https:\/\/bio-pina.com\/wp-content\/uploads\/2022\/05\/Prevleka-2-scaled.jpg","datePublished":"2022-05-14T06:38:17+00:00","dateModified":"2023-02-13T11:08:25+00:00","description":"Pillow cover in beige color made of 100% organic cotton (GOTS) and Oeko-Tex Standard 100 certified. It has a built-in zipper and is washable at 60 \u00b0 C.","breadcrumb":{"@id":"https:\/\/bio-pina.com\/en\/izdelek\/pillow-cover\/#breadcrumb"},"inLanguage":"en-US","potentialAction":[{"@type":"ReadAction","target":["https:\/\/bio-pina.com\/en\/izdelek\/pillow-cover\/"]}]},{"@type":"ImageObject","inLanguage":"en-US","@id":"https:\/\/bio-pina.com\/en\/izdelek\/pillow-cover\/#primaryimage","url":"https:\/\/bio-pina.com\/wp-content\/uploads\/2022\/05\/Prevleka-2-scaled.jpg","contentUrl":"https:\/\/bio-pina.com\/wp-content\/uploads\/2022\/05\/Prevleka-2-scaled.jpg","width":2560,"height":2560,"caption":"Pillow Natural chusion Natural pillow Organic pillow Organic pillow cover meditation pillow neck pillow meditation cushion body pillow Sleeping pillows Sleeping pillows yoga cushion trevel pillow kids trevel pillow mandala pillow Eco pillow Eco pillow miniature pillow support pillow body pillow case body cushion Organic pillow cases Organic pillow cases mandala cushion neck support mini cushion body pillow case cover miniature cushion neck relex Storage pillow country house pillows Storage cushion Storage cushion trevel neck pillow Sleeping pillow Sleeping pillow neck support pillow body pillow case cotton baby care pillow Pillow pine Organic pillow sham Organic pillow sham hut decoration pine gifts for mom Pine pillow Pine pillow organic cushion sham organic body pillow organic body pillow cover Pine cushion Pine cushion Herbal pillow Herbal pillow baby care cushion head support pillow body pillow case pattern organic body cushion natural body cushion Energy pillow Energy pillow Aromatherapy Aromatherapy Organic pillow filled Aromatherapy Organic pillow filled Pine pillow white Pine pillow white Pine pillow white Swiss stone pine pillow alpine hat decoration pine gifts for grandpa alpine woods fragrance Switzerland pine pillow Pine wood pillow Pine wood pillow Pine wood pillow seife zirbe yoga augenkissen Swiss pine pillow Swiss pine pillow Swiss pine pillow natural pine cushion Organic pillow insert Organic pillow insert Pine pillow baby alpine hat zirbenkissen Pine pillow baby zirbenseife pine gifts for grandma Swiss pine wood pillow zirbenholz poster hirsch Pine pillow sleeoping beauty Pine pillow bege Pine pillow bege swiss pine gifts for mom Swiss stone pine cushion Swiss stone pine cushion Natural pine pillow Zirbenkissen Organic pine pillow Organic pine pillow Herbal baby pillow Herbal baby pillow swiss pine gift for grandma Natural regulation swiss stone pine cubes alternative swiss stone pine cushion costume Organic swiss pine pillow Organic swiss pine pillow Bio zirbenkissen Cemprinov vzglavnik Cemprin \u0160vicarski bor Les \u0161vicarskega bora Les cemprina Limba Les limbe Ostru\u017eki kamnitega bora Kaniti bor Vzglavnik iz limbe Pov\u0161ter iz limbe Pov\u0161ter iz cemprina Pov\u0161ter z eteri\u010dnimi olji Di\u0161e\u010di pov\u0161ter blazina z eteri\u010dnimi olji vzglavnik z eteri\u010dnimi olji borov vzglavnik borova blazina zdrava blazina naravna blazina organska blazina naravno polnilo organsko polnilo osve\u017eilec zraka naravni osve\u017eilec zraka zeli\u0161\u010dna blazina pov\u0161ter z zeli\u0161\u010di blazina z zeli\u0161\u010di eko blazina Organic cotton natural wood Pine wood organic baby pillow organic baby pollow natural baby pillow natural baby pillow Stone pine Natural filling natural filling nature flakes herbal pillow herbal organic pillow swiss pine cushion swiss pine cushion Organic pillow filled Organic pillow filled pine shavings Swiss pine Herbal baby pillow pine shavings Natural shavings Natural shavings swiss stone wood Arolla pine swiss stone wood Swiss stone pine nature shavings Pine shavings herbal cushion Zirbe Zirbe Pine flakes Pine flakes zirben holzpane Nature filling Nature filling Pine filling Nature filling Pine filling zirbenholzspane zirbenholzspane Cembro zirbenholzspane, kissenfullu Zirben Swiss pine wood Zirben Zirbenholz Swiss stone pine shavings herbal baby pillow Pinus cembra kissenfullu blazina za nose\u010dnice blazina za dojenje materinska blazina osve\u017eilec zraka naravni osve\u017eilec zraka naravno polnilo organsko polnilo nose\u010dni\u0161ka blazina pripomo\u010dek za dojenje nose\u010dni\u0161ki pripomo\u010dek nose\u010dnost zeli\u0161\u010dna blazina za dojenje zeli\u0161\u010dna nose\u010dni\u0161ka blazina naravna blazina za dojenje naravna nose\u010dni\u0161ka blazina naravna materinska blazina eko nose\u010dni\u0161ka blazina eko nose\u010dni\u0161ka blazina eko materinska blazina ekolo\u0161ka nose\u010dni\u0161ka blazina ekolo\u0161ka nose\u010dni\u0161ka blazina ekolo\u0161ka materinska blazina zeli\u0161\u010dna materinska blazina Premium blazina za dojenje Premium nose\u010dni\u0161ka blazina Premium materinska blazina Blazina za dojenje iz \u0161vicarskega bora Nose\u010dni\u0161ka blazina iz \u0161vicarskega bora Materinska blazina iz \u0161vicarskega bora Blazina za dojenje iz cemprina Nose\u010dni\u0161ka blazina iz cemprina Materinska blazina iz cemprina Blazina za dojenje iz limbe Nose\u010dni\u0161ka blazina iz limbe Materinska blazina iz limbe baby announcement pregnancy announcement baby announcement gift Baby pillow pregnancy announcement gift Mother pillow Mother pillow Organic pillow Maternity gift Maternity gift brestfeeding long pillow baby announcement gift for mom long lumber pillow pregnancy announcement gift mom body pillow body pillow baby yoga Brestfeeding gift Brestfeeding gift Brestfeeding gift support pillow body pillow case body cushion body pillow case cover Nursing pillow Nursing pillow mum helper Natural baby pillow Nursing pillow cover body pillow case cotton Baby care pillow Baby care pillow boppy pillow cover pine gifts for mom feeding pillow organic body pillow boppy cover Brestfeeding pillow boppy cover organic body pillow cover perfect gift for pregnancy Pregnancy pillow Pregnancy pillow Herbal pillow Herbal pillow Baby care cushion Baby care cushion body pillow case pattern organic body cushion perfect gift for maternity boppy cover girl perfect gift for pregnancy mom Organic nursing pillow Organic nursing pillow Banana shape boppy cover boy natural body cushion Maternity pillow Maternity pillow boppy cover neutral perfect gift for nursing mom Maternity support boppy cover pattern perfect gift for breastfeeding boppy cover waffle Arolla pine nursing pillow Baby pregnancy pillow organic Baby pregnancy pillow organic perfect gift for breastfeeding mom Arolla pine brestfeeding pillow Arolla pine brestfeeding pillow Stillkissen Bio pregnancy pillow boppy cow Bio-Stillkissen Swiss pine pregnancy pillow schwangerschaft kissen Pine pillow baby Pine pillow baby Herbal pregnancy pillow Herbal pregnancy pillow Pine pregnancy pillow Nat\u00fcrliches Stillkissen Stillkissen aus Kr\u00e4utern Arolla pine pregnancy pillow \u00d6ko-Stillkissen Bio-Schwangerschaftskissen Zirben Stillkissen Swiss stone pine pregnancy pillow Arolla pine maternity pillow Arolla pine maternity pillow Organic materity pillow Eco Schwangerschaftskissen Nursing pillow for twins Nursing pillow for twins zirbenholz poster hirsch Organic pregnancy pillow Organic pregnancy pillow Maternity pillow case Maternity pillow case Maternity support pillow Umstandskissen aus Zirbenholz Umstandskissen aus Kiefernholz zirbenkissen baby Nat\u00fcrliches Schwangerschaftskissen Umstandskissen Zirbe Biological pregnancy pillow swiss pine gifts for mom Schwangerschaftskissen aus Zirbenholz Organic brestfeeding pillow Nursing pillow pine scent Mutterschaftskissen Zirben Schwangerschaftskissen Stillkissen aus Zirbenholz Stillkissen aus Zirbenholz Natural pregnancy pillow Natural pregnancy pillow Brestfeeding pillow uk Zirbenkissen Kiefer Schwangerschaftskissen Bio-Umstandskissen Nursing pillow for pattern Nursing pillow for pattern Nests of musselin cover Maternity support cushion Maternity support cushion Organic pine pillow Herbal baby pillow swiss stone pine cushion costume Organic swiss pine pillow m\u00fctterliches Kissen Eco pregnancy pillow Organic cotton natural wood Pine wood Organic cotton mulin ecological cotton organic baby pillow natural baby pillow Stone pine Natural filling Natural filling Organic baby nursing pillow natural nursing pillow Organic pillow filled natural breastfeeding pillow natural breastfeeding pillow Swiss pine Herbal baby pillow Organic baby breastfeeding pillow eco pregnancy pillow Natural pregnancy pillow pine nursing pillow Swiss pine nursing pillow eco nursing pillow arolla pine nursing pillow eco breastfeeding pillow herbal nursing pillow Natural shavings arolla pine breastfeeding pillow herbal breastfeeding pillow pine pregnancy pillow pine breastfeeding pillow Arolla pine Arolla pine Organic baby pregnancy pillow eco maternity pillow Natural maternity pillow Arolla pine pregnancy pillow Swiss stone pine Swiss stone pine Organic baby maternity pillow Pine shavings Pine shavings pine maternity pillow swiss pine maternity pillow Zirbe Zirbe Zirbe herbal maternity pillow herbal maternity pillow Pine flakes Arolla pine maternity pillow Nature filling Pine filling Cembro Zirben Swiss pine wood Zirben Zirbenholz Swiss stone pine shavings Pinus cembra Swiss pine pregnancy pillow Swiss pine pregnancy pillow swiss pine breastfeeding pillow Petra Rant Anton Kosma\u010d masivno biopina"},{"@type":"BreadcrumbList","@id":"https:\/\/bio-pina.com\/en\/izdelek\/pillow-cover\/#breadcrumb","itemListElement":[{"@type":"ListItem","position":1,"name":"Domov","item":"https:\/\/bio-pina.com\/en\/biopina\/"},{"@type":"ListItem","position":2,"name":"Shop","item":"https:\/\/bio-pina.com\/en\/shop\/"},{"@type":"ListItem","position":3,"name":"Pillow cover"}]},{"@type":"WebSite","@id":"https:\/\/bio-pina.com\/#website","url":"https:\/\/bio-pina.com\/","name":"Biopina","description":"Naravne blazine","potentialAction":[{"@type":"SearchAction","target":{"@type":"EntryPoint","urlTemplate":"https:\/\/bio-pina.com\/?s={search_term_string}"},"query-input":{"@type":"PropertyValueSpecification","valueRequired":true,"valueName":"search_term_string"}}],"inLanguage":"en-US"}]}},"_links":{"self":[{"href":"https:\/\/bio-pina.com\/en\/wp-json\/wp\/v2\/product\/681","targetHints":{"allow":["GET"]}}],"collection":[{"href":"https:\/\/bio-pina.com\/en\/wp-json\/wp\/v2\/product"}],"about":[{"href":"https:\/\/bio-pina.com\/en\/wp-json\/wp\/v2\/types\/product"}],"replies":[{"embeddable":true,"href":"https:\/\/bio-pina.com\/en\/wp-json\/wp\/v2\/comments?post=681"}],"wp:featuredmedia":[{"embeddable":true,"href":"https:\/\/bio-pina.com\/en\/wp-json\/wp\/v2\/media\/440"}],"wp:attachment":[{"href":"https:\/\/bio-pina.com\/en\/wp-json\/wp\/v2\/media?parent=681"}],"wp:term":[{"taxonomy":"product_brand","embeddable":true,"href":"https:\/\/bio-pina.com\/en\/wp-json\/wp\/v2\/product_brand?post=681"},{"taxonomy":"product_cat","embeddable":true,"href":"https:\/\/bio-pina.com\/en\/wp-json\/wp\/v2\/product_cat?post=681"},{"taxonomy":"product_tag","embeddable":true,"href":"https:\/\/bio-pina.com\/en\/wp-json\/wp\/v2\/product_tag?post=681"}],"curies":[{"name":"wp","href":"https:\/\/api.w.org\/{rel}","templated":true}]}}