{"id":746,"date":"2022-05-14T08:52:38","date_gmt":"2022-05-14T06:52:38","guid":{"rendered":"https:\/\/bio-pina.com\/izdelek\/kissenbezug\/"},"modified":"2024-04-24T23:05:30","modified_gmt":"2024-04-24T21:05:30","slug":"prevleke","status":"publish","type":"product","link":"https:\/\/bio-pina.com\/de\/izdelek\/prevleke\/","title":{"rendered":"Kissenbezug"},"content":{"rendered":"<p>Der \u00e4u\u00dfere Bezug ist bei 60 \u00b0C waschbar.<\/p>\n<p>Ma\u00dfe: 63 x 70 cm, 33 x 160 cm, 32 x180 cm<\/p>\n<p><a href=\"https:\/\/bio-pina.com\/de\/trgovina\/\"><img loading=\"lazy\" decoding=\"async\" class=\" wp-image-308\" src=\"https:\/\/bio-pina.com\/wp-content\/uploads\/2022\/02\/biopina-favicon.png\" alt=\"Petra Rant\" width=\"43\" height=\"43\" srcset=\"https:\/\/bio-pina.com\/wp-content\/uploads\/2022\/02\/biopina-favicon.png 155w, https:\/\/bio-pina.com\/wp-content\/uploads\/2022\/02\/biopina-favicon-100x100.png 100w, https:\/\/bio-pina.com\/wp-content\/uploads\/2022\/02\/biopina-favicon-150x150.png 150w\" sizes=\"(max-width: 43px) 100vw, 43px\" \/><\/a><\/p>\n","protected":false},"excerpt":{"rendered":"<p>Der Kissenbezug, beige, wird aus 100 % organischer Baumwolle (GOTS), mit dem Zertifikat Oeko-Tex Standard 100, hergestellt. Er verf\u00fcgt \u00fcber einen Rei\u00dfverschluss und ist bei 60\u00b0C waschbar.<\/p>\n","protected":false},"featured_media":1617,"comment_status":"open","ping_status":"closed","template":"","meta":{"_et_pb_use_builder":"","_et_pb_old_content":"","_et_gb_content_width":""},"product_brand":[],"product_cat":[59],"product_tag":[],"class_list":{"0":"post-746","1":"product","2":"type-product","3":"status-publish","4":"has-post-thumbnail","6":"product_cat-stillkissen","8":"first","9":"instock","10":"shipping-taxable","11":"purchasable","12":"product-type-variable"},"yoast_head":"<!-- This site is optimized with the Yoast SEO plugin v27.4 - https:\/\/yoast.com\/product\/yoast-seo-wordpress\/ -->\n<title>Kissenbezug - Biopina<\/title>\n<meta name=\"description\" content=\"Der Kissenbezug, beige, wird aus 100 % organischer Baumwolle (GOTS), mit dem Zertifikat Oeko-Tex Standard 100, hergestellt. Er verf\u00fcgt \u00fcber einen Rei\u00dfverschluss und ist bei 60\u00b0C waschbar.\" \/>\n<meta name=\"robots\" content=\"index, follow, max-snippet:-1, max-image-preview:large, max-video-preview:-1\" \/>\n<link rel=\"canonical\" href=\"https:\/\/bio-pina.com\/de\/izdelek\/prevleke\/\" \/>\n<meta property=\"og:locale\" content=\"de_DE\" \/>\n<meta property=\"og:type\" content=\"article\" \/>\n<meta property=\"og:title\" content=\"Kissenbezug - Biopina\" \/>\n<meta property=\"og:description\" content=\"Der Kissenbezug, beige, wird aus 100 % organischer Baumwolle (GOTS), mit dem Zertifikat Oeko-Tex Standard 100, hergestellt. Er verf\u00fcgt \u00fcber einen Rei\u00dfverschluss und ist bei 60\u00b0C waschbar.\" \/>\n<meta property=\"og:url\" content=\"https:\/\/bio-pina.com\/de\/izdelek\/prevleke\/\" \/>\n<meta property=\"og:site_name\" content=\"Biopina\" \/>\n<meta property=\"article:modified_time\" content=\"2024-04-24T21:05:30+00:00\" \/>\n<meta property=\"og:image\" content=\"https:\/\/bio-pina.com\/wp-content\/uploads\/2022\/02\/Prevleke-4-1024x683.png\" \/>\n\t<meta property=\"og:image:width\" content=\"1024\" \/>\n\t<meta property=\"og:image:height\" content=\"683\" \/>\n\t<meta property=\"og:image:type\" content=\"image\/png\" \/>\n<meta name=\"twitter:card\" content=\"summary_large_image\" \/>\n<meta name=\"twitter:label1\" content=\"Gesch\u00e4tzte Lesezeit\" \/>\n\t<meta name=\"twitter:data1\" content=\"1\u00a0Minute\" \/>\n<script type=\"application\/ld+json\" class=\"yoast-schema-graph\">{\"@context\":\"https:\\\/\\\/schema.org\",\"@graph\":[{\"@type\":\"WebPage\",\"@id\":\"https:\\\/\\\/bio-pina.com\\\/de\\\/izdelek\\\/prevleke\\\/\",\"url\":\"https:\\\/\\\/bio-pina.com\\\/de\\\/izdelek\\\/prevleke\\\/\",\"name\":\"Kissenbezug - Biopina\",\"isPartOf\":{\"@id\":\"https:\\\/\\\/bio-pina.com\\\/#website\"},\"primaryImageOfPage\":{\"@id\":\"https:\\\/\\\/bio-pina.com\\\/de\\\/izdelek\\\/prevleke\\\/#primaryimage\"},\"image\":{\"@id\":\"https:\\\/\\\/bio-pina.com\\\/de\\\/izdelek\\\/prevleke\\\/#primaryimage\"},\"thumbnailUrl\":\"https:\\\/\\\/bio-pina.com\\\/wp-content\\\/uploads\\\/2022\\\/02\\\/Prevleke-4.png\",\"datePublished\":\"2022-05-14T06:52:38+00:00\",\"dateModified\":\"2024-04-24T21:05:30+00:00\",\"description\":\"Der Kissenbezug, beige, wird aus 100 % organischer Baumwolle (GOTS), mit dem Zertifikat Oeko-Tex Standard 100, hergestellt. Er verf\u00fcgt \u00fcber einen Rei\u00dfverschluss und ist bei 60\u00b0C waschbar.\",\"breadcrumb\":{\"@id\":\"https:\\\/\\\/bio-pina.com\\\/de\\\/izdelek\\\/prevleke\\\/#breadcrumb\"},\"inLanguage\":\"de\",\"potentialAction\":[{\"@type\":\"ReadAction\",\"target\":[\"https:\\\/\\\/bio-pina.com\\\/de\\\/izdelek\\\/prevleke\\\/\"]}]},{\"@type\":\"ImageObject\",\"inLanguage\":\"de\",\"@id\":\"https:\\\/\\\/bio-pina.com\\\/de\\\/izdelek\\\/prevleke\\\/#primaryimage\",\"url\":\"https:\\\/\\\/bio-pina.com\\\/wp-content\\\/uploads\\\/2022\\\/02\\\/Prevleke-4.png\",\"contentUrl\":\"https:\\\/\\\/bio-pina.com\\\/wp-content\\\/uploads\\\/2022\\\/02\\\/Prevleke-4.png\",\"width\":1870,\"height\":1247},{\"@type\":\"BreadcrumbList\",\"@id\":\"https:\\\/\\\/bio-pina.com\\\/de\\\/izdelek\\\/prevleke\\\/#breadcrumb\",\"itemListElement\":[{\"@type\":\"ListItem\",\"position\":1,\"name\":\"Domov\",\"item\":\"https:\\\/\\\/bio-pina.com\\\/de\\\/biopina\\\/\"},{\"@type\":\"ListItem\",\"position\":2,\"name\":\"Handeln\",\"item\":\"https:\\\/\\\/bio-pina.com\\\/de\\\/handeln-biopina\\\/\"},{\"@type\":\"ListItem\",\"position\":3,\"name\":\"Kissenbezug\"}]},{\"@type\":\"WebSite\",\"@id\":\"https:\\\/\\\/bio-pina.com\\\/#website\",\"url\":\"https:\\\/\\\/bio-pina.com\\\/\",\"name\":\"Biopina\",\"description\":\"Naravne blazine\",\"potentialAction\":[{\"@type\":\"SearchAction\",\"target\":{\"@type\":\"EntryPoint\",\"urlTemplate\":\"https:\\\/\\\/bio-pina.com\\\/?s={search_term_string}\"},\"query-input\":{\"@type\":\"PropertyValueSpecification\",\"valueRequired\":true,\"valueName\":\"search_term_string\"}}],\"inLanguage\":\"de\"}]}<\/script>\n<!-- \/ Yoast SEO plugin. -->","yoast_head_json":{"title":"Kissenbezug - Biopina","description":"Der Kissenbezug, beige, wird aus 100 % organischer Baumwolle (GOTS), mit dem Zertifikat Oeko-Tex Standard 100, hergestellt. Er verf\u00fcgt \u00fcber einen Rei\u00dfverschluss und ist bei 60\u00b0C waschbar.","robots":{"index":"index","follow":"follow","max-snippet":"max-snippet:-1","max-image-preview":"max-image-preview:large","max-video-preview":"max-video-preview:-1"},"canonical":"https:\/\/bio-pina.com\/de\/izdelek\/prevleke\/","og_locale":"de_DE","og_type":"article","og_title":"Kissenbezug - Biopina","og_description":"Der Kissenbezug, beige, wird aus 100 % organischer Baumwolle (GOTS), mit dem Zertifikat Oeko-Tex Standard 100, hergestellt. Er verf\u00fcgt \u00fcber einen Rei\u00dfverschluss und ist bei 60\u00b0C waschbar.","og_url":"https:\/\/bio-pina.com\/de\/izdelek\/prevleke\/","og_site_name":"Biopina","article_modified_time":"2024-04-24T21:05:30+00:00","og_image":[{"width":1024,"height":683,"url":"https:\/\/bio-pina.com\/wp-content\/uploads\/2022\/02\/Prevleke-4-1024x683.png","type":"image\/png"}],"twitter_card":"summary_large_image","twitter_misc":{"Gesch\u00e4tzte Lesezeit":"1\u00a0Minute"},"schema":{"@context":"https:\/\/schema.org","@graph":[{"@type":"WebPage","@id":"https:\/\/bio-pina.com\/de\/izdelek\/prevleke\/","url":"https:\/\/bio-pina.com\/de\/izdelek\/prevleke\/","name":"Kissenbezug - Biopina","isPartOf":{"@id":"https:\/\/bio-pina.com\/#website"},"primaryImageOfPage":{"@id":"https:\/\/bio-pina.com\/de\/izdelek\/prevleke\/#primaryimage"},"image":{"@id":"https:\/\/bio-pina.com\/de\/izdelek\/prevleke\/#primaryimage"},"thumbnailUrl":"https:\/\/bio-pina.com\/wp-content\/uploads\/2022\/02\/Prevleke-4.png","datePublished":"2022-05-14T06:52:38+00:00","dateModified":"2024-04-24T21:05:30+00:00","description":"Der Kissenbezug, beige, wird aus 100 % organischer Baumwolle (GOTS), mit dem Zertifikat Oeko-Tex Standard 100, hergestellt. Er verf\u00fcgt \u00fcber einen Rei\u00dfverschluss und ist bei 60\u00b0C waschbar.","breadcrumb":{"@id":"https:\/\/bio-pina.com\/de\/izdelek\/prevleke\/#breadcrumb"},"inLanguage":"de","potentialAction":[{"@type":"ReadAction","target":["https:\/\/bio-pina.com\/de\/izdelek\/prevleke\/"]}]},{"@type":"ImageObject","inLanguage":"de","@id":"https:\/\/bio-pina.com\/de\/izdelek\/prevleke\/#primaryimage","url":"https:\/\/bio-pina.com\/wp-content\/uploads\/2022\/02\/Prevleke-4.png","contentUrl":"https:\/\/bio-pina.com\/wp-content\/uploads\/2022\/02\/Prevleke-4.png","width":1870,"height":1247},{"@type":"BreadcrumbList","@id":"https:\/\/bio-pina.com\/de\/izdelek\/prevleke\/#breadcrumb","itemListElement":[{"@type":"ListItem","position":1,"name":"Domov","item":"https:\/\/bio-pina.com\/de\/biopina\/"},{"@type":"ListItem","position":2,"name":"Handeln","item":"https:\/\/bio-pina.com\/de\/handeln-biopina\/"},{"@type":"ListItem","position":3,"name":"Kissenbezug"}]},{"@type":"WebSite","@id":"https:\/\/bio-pina.com\/#website","url":"https:\/\/bio-pina.com\/","name":"Biopina","description":"Naravne blazine","potentialAction":[{"@type":"SearchAction","target":{"@type":"EntryPoint","urlTemplate":"https:\/\/bio-pina.com\/?s={search_term_string}"},"query-input":{"@type":"PropertyValueSpecification","valueRequired":true,"valueName":"search_term_string"}}],"inLanguage":"de"}]}},"_links":{"self":[{"href":"https:\/\/bio-pina.com\/de\/wp-json\/wp\/v2\/product\/746","targetHints":{"allow":["GET"]}}],"collection":[{"href":"https:\/\/bio-pina.com\/de\/wp-json\/wp\/v2\/product"}],"about":[{"href":"https:\/\/bio-pina.com\/de\/wp-json\/wp\/v2\/types\/product"}],"replies":[{"embeddable":true,"href":"https:\/\/bio-pina.com\/de\/wp-json\/wp\/v2\/comments?post=746"}],"wp:featuredmedia":[{"embeddable":true,"href":"https:\/\/bio-pina.com\/de\/wp-json\/wp\/v2\/media\/1617"}],"wp:attachment":[{"href":"https:\/\/bio-pina.com\/de\/wp-json\/wp\/v2\/media?parent=746"}],"wp:term":[{"taxonomy":"product_brand","embeddable":true,"href":"https:\/\/bio-pina.com\/de\/wp-json\/wp\/v2\/product_brand?post=746"},{"taxonomy":"product_cat","embeddable":true,"href":"https:\/\/bio-pina.com\/de\/wp-json\/wp\/v2\/product_cat?post=746"},{"taxonomy":"product_tag","embeddable":true,"href":"https:\/\/bio-pina.com\/de\/wp-json\/wp\/v2\/product_tag?post=746"}],"curies":[{"name":"wp","href":"https:\/\/api.w.org\/{rel}","templated":true}]}}