{"id":768,"date":"2022-05-24T18:44:35","date_gmt":"2022-05-24T16:44:35","guid":{"rendered":"https:\/\/bio-pina.com\/zirbelkiefer-bzw-zirbe\/"},"modified":"2023-02-20T11:17:22","modified_gmt":"2023-02-20T10:17:22","slug":"zirbelkiefer-bzw-zirbe","status":"publish","type":"page","link":"https:\/\/bio-pina.com\/de\/zirbelkiefer-bzw-zirbe\/","title":{"rendered":"Zirbe"},"content":{"rendered":"<p>[et_pb_section fb_built=&#8220;1&#8243; _builder_version=&#8220;4.19.5&#8243; background_color=&#8220;rgba(255,255,255,0.59)&#8220; background_image=&#8220;https:\/\/bio-pina.com\/wp-content\/uploads\/2023\/02\/IMG_0114-min-scaled.jpg&#8220; background_blend=&#8220;overlay&#8220; custom_padding=&#8220;14%||14%||true|false&#8220; hover_enabled=&#8220;0&#8243; global_colors_info=&#8220;{}&#8220; alt=&#8220;Swiss pine zirbe&#8220; title_text=&#8220;Cemprin&#8220; sticky_enabled=&#8220;0&#8243;][et_pb_row _builder_version=&#8220;4.16&#8243; background_size=&#8220;initial&#8220; background_position=&#8220;top_left&#8220; background_repeat=&#8220;repeat&#8220; global_colors_info=&#8220;{}&#8220;][et_pb_column type=&#8220;4_4&#8243; _builder_version=&#8220;4.16&#8243; custom_padding=&#8220;|||&#8220; global_colors_info=&#8220;{}&#8220; custom_padding__hover=&#8220;|||&#8220;][\/et_pb_column][\/et_pb_row][\/et_pb_section][et_pb_section fb_built=&#8220;1&#8243; _builder_version=&#8220;4.17.3&#8243; _module_preset=&#8220;default&#8220; global_colors_info=&#8220;{}&#8220;][et_pb_row _builder_version=&#8220;4.17.4&#8243; _module_preset=&#8220;default&#8220; global_colors_info=&#8220;{}&#8220;][et_pb_column type=&#8220;4_4&#8243; _builder_version=&#8220;4.17.3&#8243; _module_preset=&#8220;default&#8220; global_colors_info=&#8220;{}&#8220;][et_pb_text _builder_version=&#8220;4.17.4&#8243; _module_preset=&#8220;default&#8220; global_colors_info=&#8220;{}&#8220;]<\/p>\n<h1>Zirbelkiefer bzw. Zirbe<\/h1>\n<p>[\/et_pb_text][et_pb_text _builder_version=&#8220;4.17.4&#8243; _module_preset=&#8220;default&#8220; text_orientation=&#8220;justified&#8220; custom_margin=&#8220;||19px|||&#8220; global_colors_info=&#8220;{}&#8220;]Die Zirbelkiefer oder Zirbe (Pinus cembra) geh\u00f6rt der Gattung Kiefern und w\u00e4chst nur in den Alpen, Karpaten und im Tatra-Gebirge. In Slowenien w\u00e4chst die Zirbelkiefer nur noch auf kleinen Gebieten von Smrekavec, Raduha und Peca. Die arch\u00e4ologischen Fundstellen in Poto\u010dka Zijalka, Ov\u010dja jama und in der Grotte Divje babe beweisen, dass die Zirbelkiefer vor der Eiszeit auch in Slowenien weit verbreitet war. Man vermutet, dass diese Kieferart aus unserem Gebiet wegen des Klimawandels, Konkurrenz mit anderen B\u00e4umen, vor allem mit der Fichte, wegen der menschlichen Eingriffe der Weide in den Hochalpen und Brandrodung verschwunden ist.[\/et_pb_text][et_pb_text _builder_version=&#8220;4.17.4&#8243; _module_preset=&#8220;default&#8220; text_orientation=&#8220;justified&#8220; custom_margin=&#8220;||15px|||&#8220; global_colors_info=&#8220;{}&#8220;]Einige Botaniker ordnen die sibirische Zirbelkiefer (Pinus sibirica) als Untergattung der Zierbelkiefer ein. Die beiden Arten wachsen auf sauren und extremen B\u00f6den. Die B\u00e4ume sind 200 bis 400 Jahre alt.[\/et_pb_text][et_pb_text _builder_version=&#8220;4.17.4&#8243; _module_preset=&#8220;default&#8220; text_orientation=&#8220;justified&#8220; global_colors_info=&#8220;{}&#8220;]Das Zirbelkieferholz ist hoch gesch\u00e4tzt, denn es ist selten zu finden, schwer zu erreichen und viele wissenschaftliche Studien beweisen seine positiven Wirkungen.[\/et_pb_text][\/et_pb_column][\/et_pb_row][\/et_pb_section][et_pb_section fb_built=&#8220;1&#8243; _builder_version=&#8220;4.17.4&#8243; _module_preset=&#8220;default&#8220; background_color=&#8220;#332921&#8243; background_image=&#8220;https:\/\/bio-pina.com\/wp-content\/uploads\/2022\/05\/Familijarne-18-min-scaled.jpg&#8220; background_blend=&#8220;overlay&#8220; custom_margin=&#8220;||6%||false|false&#8220; custom_padding=&#8220;8%||8%||true|false&#8220; global_module=&#8220;576&#8243; saved_tabs=&#8220;all&#8220; global_colors_info=&#8220;{}&#8220;][et_pb_row column_structure=&#8220;1_2,1_2&#8243; use_custom_gutter=&#8220;on&#8220; gutter_width=&#8220;2&#8243; make_equal=&#8220;on&#8220; _builder_version=&#8220;4.17.4&#8243; _module_preset=&#8220;default&#8220; custom_padding=&#8220;0px||0px||false|false&#8220; global_colors_info=&#8220;{}&#8220;][et_pb_column type=&#8220;1_2&#8243; _builder_version=&#8220;4.17.4&#8243; _module_preset=&#8220;default&#8220; custom_css_main_element=&#8220;margin: auto;&#8220; global_colors_info=&#8220;{}&#8220;][et_pb_text _builder_version=&#8220;4.19.5&#8243; _module_preset=&#8220;default&#8220; header_text_color=&#8220;#FFFFFF&#8220; header_font_size=&#8220;40px&#8220; header_letter_spacing=&#8220;3px&#8220; header_line_height=&#8220;1.3em&#8220; custom_padding=&#8220;7%||||false|false&#8220; header_text_align_tablet=&#8220;center&#8220; header_text_align_phone=&#8220;center&#8220; header_text_align_last_edited=&#8220;on|phone&#8220; global_colors_info=&#8220;{}&#8220;]<\/p>\n<h1>Sie wollen auf dem Laufenden sein<br \/>\u00dcber das Angebot von Biopina<\/h1>\n<p>[\/et_pb_text][\/et_pb_column][et_pb_column type=&#8220;1_2&#8243; _builder_version=&#8220;4.16&#8243; _module_preset=&#8220;default&#8220; global_colors_info=&#8220;{}&#8220;][et_pb_signup mailchimp_list=&#8220;Petra|ee1fded71f&#8220; name_field=&#8220;on&#8220; success_message=&#8220;Sie haben die News erfolgreich abonniert.&#8220; title=&#8220;Melden Sie sich f\u00fcr die Biopina-News an&#8220; button_text=&#8220;EINLOGGEN&#8220; use_spam_service=&#8220;on&#8220; recaptcha_list=&#8220;Helena Humar|Helena Humar-0&#8243; _builder_version=&#8220;4.17.4&#8243; _module_preset=&#8220;default&#8220; form_field_text_color=&#8220;#97816D&#8220; header_text_align=&#8220;center&#8220; header_font_size=&#8220;24px&#8220; header_letter_spacing=&#8220;1px&#8220; background_enable_color=&#8220;off&#8220; custom_button=&#8220;on&#8220; button_text_size=&#8220;18px&#8220; button_text_color=&#8220;#FFFFFF&#8220; button_bg_color=&#8220;#7C4C24&#8243; button_border_width=&#8220;0px&#8220; button_border_radius=&#8220;0px&#8220; button_letter_spacing=&#8220;2px&#8220; button_use_icon=&#8220;off&#8220; width=&#8220;80%&#8220; width_tablet=&#8220;80%&#8220; width_phone=&#8220;100%&#8220; width_last_edited=&#8220;on|phone&#8220; module_alignment=&#8220;center&#8220; custom_padding=&#8220;2px|||||&#8220; border_radii_fields=&#8220;on|0px|0px|0px|0px&#8220; global_colors_info=&#8220;{}&#8220;][\/et_pb_signup][\/et_pb_column][\/et_pb_row][\/et_pb_section][et_pb_section fb_built=&#8220;1&#8243; _builder_version=&#8220;4.17.3&#8243; _module_preset=&#8220;default&#8220; custom_padding=&#8220;0px|||||&#8220; border_color_top=&#8220;#97816D&#8220; global_module=&#8220;578&#8243; saved_tabs=&#8220;all&#8220; global_colors_info=&#8220;{}&#8220;][et_pb_row _builder_version=&#8220;4.19.5&#8243; _module_preset=&#8220;default&#8220; background_color=&#8220;rgba(255,255,255,0.86)&#8220; background_image=&#8220;https:\/\/bio-pina.com\/wp-content\/uploads\/2022\/05\/IMG_9563-scaled.jpg&#8220; background_blend=&#8220;overlay&#8220; border_width_all=&#8220;1px&#8220; border_color_all=&#8220;#97816D&#8220; global_colors_info=&#8220;{}&#8220;][et_pb_column type=&#8220;4_4&#8243; _builder_version=&#8220;4.16&#8243; _module_preset=&#8220;default&#8220; global_colors_info=&#8220;{}&#8220;][et_pb_text _builder_version=&#8220;4.17.3&#8243; _module_preset=&#8220;default&#8220; header_font=&#8220;|600|||||||&#8220; header_text_align=&#8220;center&#8220; header_text_color=&#8220;#282828&#8243; header_letter_spacing=&#8220;2px&#8220; global_colors_info=&#8220;{}&#8220;]<\/p>\n<h1>Kundenmeinungen<\/h1>\n<p>[\/et_pb_text][dica_divi_carousel show_items_desktop=&#8220;1&#8243; show_items_tablet=&#8220;1&#8243; dot_nav=&#8220;on&#8220; item_spacing=&#8220;27&#8243; item_vertical_align=&#8220;flex-start&#8220; advanced_effect=&#8220;1&#8243; dots_color=&#8220;rgba(151,129,109,0.6)&#8220; dots_active_color=&#8220;#7C4C24&#8243; _builder_version=&#8220;4.17.4&#8243; _module_preset=&#8220;default&#8220; global_colors_info=&#8220;{}&#8220;][dica_divi_carouselitem admin_label=&#8220;mnenje 1&#8243; button_url_new_window=&#8220;1&#8243; use_icon=&#8220;on&#8220; font_icon=&#8220;&#xf2bd;||fa||900&#8243; icon_color=&#8220;#97816D&#8220; use_icon_font_size=&#8220;on&#8220; icon_font_size=&#8220;59px&#8220; content_padding=&#8220;9%||||false|false&#8220; custom_padding=&#8220;5%|5%||5%|false|true&#8220; _builder_version=&#8220;4.17.4&#8243; _module_preset=&#8220;default&#8220; background_enable_color=&#8220;off&#8220; global_colors_info=&#8220;{}&#8220;]<\/p>\n<p style=\"text-align: justify;\">Ich habe das Cemprino Kissen geschenkt bekommen. Als erstes fiel mir ein sehr angenehmer Geruch auf. Dann las ich mehr \u00fcber Cemprin, die Eigenschaften dieser Holzart und vor allem \u00fcber all seine positiven Wirkungen auf Gesundheit und Wohlbefinden. Als ich das erste Mal auf einem Cemprino-Kissen geschlafen habe, habe ich mich davon \u00fcberzeugt, dass es wirklich etwas Besonderes ist. Der Schlaf war ohne aufzuwachen, der Geruch versetzt einen in einen entspannenden Zustand, das Kissen passt sich der Schlafposition an und jetzt wache ich richtig ausgeruht und schl\u00e4frig auf.    <\/p>\n<p style=\"text-align: right;\"><em>-Katja S.<\/em><\/p>\n<p>[\/dica_divi_carouselitem][dica_divi_carouselitem admin_label=&#8220;mnenje 2&#8243; button_url_new_window=&#8220;1&#8243; use_icon=&#8220;on&#8220; font_icon=&#8220;&#xf2bd;||fa||900&#8243; icon_color=&#8220;#97816D&#8220; use_icon_font_size=&#8220;on&#8220; icon_font_size=&#8220;59px&#8220; content_padding=&#8220;9%||||false|false&#8220; custom_padding=&#8220;5%|5%||5%|false|true&#8220; _builder_version=&#8220;4.17.3&#8243; _module_preset=&#8220;default&#8220; background_enable_color=&#8220;off&#8220; global_colors_info=&#8220;{}&#8220;]<\/p>\n<p style=\"text-align: justify;\">Als ich es in dieser wundersch\u00f6n gen\u00e4hten Tasche mit dem beigef\u00fcgten Kleidungsst\u00fcck bekam, war ich wirklich angenehm \u00fcberrascht! Was f\u00fcr ein sch\u00f6nes, n\u00fctzliches und praktisches Geschenk das ist!!! Ein Kissen, auf das man abends voller Sorgen den Kopf legt, das angenehm nach Holz riecht, auf das ich Nacken und Kopf legen kann, wenn es nicht hei\u00df ist&#8230; es ist das Beste f\u00fcr mich. Seitdem ich es habe, habe ich es nicht mehr gegen etwas anderes eingetauscht. Ab und zu nehme ich ihn f\u00fcr eine Weile mit in die Sonne, damit er seine Energie aufnehmen kann. Aber wenn ich andere D\u00fcfte m\u00f6chte, f\u00fcge ich einen Tropfen \u00e4therisches \u00d6l hinzu und der Schlaf ist noch angenehmer. Das Produkt. Es ist ausgezeichnet und ich empfehle es jedem, besonders denen, die ein Kissen suchen, das nicht hei\u00df ist.      <\/p>\n<p style=\"text-align: right;\"><em>-Jana R.<\/em><\/p>\n<p>&nbsp;<\/p>\n<p>[\/dica_divi_carouselitem][dica_divi_carouselitem admin_label=&#8220;mnenje 3&#8243; button_url_new_window=&#8220;1&#8243; use_icon=&#8220;on&#8220; font_icon=&#8220;&#xf2bd;||fa||900&#8243; icon_color=&#8220;#97816D&#8220; use_icon_font_size=&#8220;on&#8220; icon_font_size=&#8220;59px&#8220; content_padding=&#8220;9%||||false|false&#8220; custom_padding=&#8220;5%|5%||5%|false|true&#8220; _builder_version=&#8220;4.17.3&#8243; _module_preset=&#8220;default&#8220; background_enable_color=&#8220;off&#8220; global_colors_info=&#8220;{}&#8220;]<\/p>\n<p style=\"text-align: justify;\">Ich mag das Kissen, weil es komplett aus nat\u00fcrlichen Materialien besteht. Es atmet gut und es ist wirklich angenehm. Am meisten mag ich den Geruch, den es verstr\u00f6mt. Sie k\u00f6nnen nicht anders, als friedlich einzuschlafen.   <\/p>\n<p style=\"text-align: right;\"><em>-Mateja N.<\/em><\/p>\n<p>&nbsp;<\/p>\n<p>[\/dica_divi_carouselitem][\/dica_divi_carousel][\/et_pb_column][\/et_pb_row][\/et_pb_section]<\/p>\n","protected":false},"excerpt":{"rendered":"<p>Zirbelkiefer bzw. ZirbeDie Zirbelkiefer oder Zirbe (Pinus cembra) geh\u00f6rt der Gattung Kiefern und w\u00e4chst nur in den Alpen, Karpaten und im Tatra-Gebirge. In Slowenien w\u00e4chst die Zirbelkiefer nur noch auf kleinen Gebieten von Smrekavec, Raduha und Peca. Die arch\u00e4ologischen Fundstellen in Poto\u010dka Zijalka, Ov\u010dja jama und in der Grotte Divje babe beweisen, dass die Zirbelkiefer [&hellip;]<\/p>\n","protected":false},"author":1,"featured_media":0,"parent":0,"menu_order":0,"comment_status":"closed","ping_status":"closed","template":"","meta":{"_et_pb_use_builder":"on","_et_pb_old_content":"","_et_gb_content_width":"","footnotes":""},"class_list":["post-768","page","type-page","status-publish","hentry"],"yoast_head":"<!-- This site is optimized with the Yoast SEO plugin v27.4 - https:\/\/yoast.com\/product\/yoast-seo-wordpress\/ -->\n<title>Zirbe - Biopina<\/title>\n<meta name=\"description\" content=\"Das Zirbelkieferholz ist hoch gesch\u00e4tzt, denn es ist selten zu finden, schwer zu erreichen und viele wissenschaftliche Studien beweisen seine positiven Wirkungen.\" \/>\n<meta name=\"robots\" content=\"index, follow, max-snippet:-1, max-image-preview:large, max-video-preview:-1\" \/>\n<link rel=\"canonical\" href=\"https:\/\/bio-pina.com\/de\/zirbelkiefer-bzw-zirbe\/\" \/>\n<meta property=\"og:locale\" content=\"de_DE\" \/>\n<meta property=\"og:type\" content=\"article\" \/>\n<meta property=\"og:title\" content=\"Zirbe - Biopina\" \/>\n<meta property=\"og:description\" content=\"Das Zirbelkieferholz ist hoch gesch\u00e4tzt, denn es ist selten zu finden, schwer zu erreichen und viele wissenschaftliche Studien beweisen seine positiven Wirkungen.\" \/>\n<meta property=\"og:url\" content=\"https:\/\/bio-pina.com\/de\/zirbelkiefer-bzw-zirbe\/\" \/>\n<meta property=\"og:site_name\" content=\"Biopina\" \/>\n<meta property=\"article:modified_time\" content=\"2023-02-20T10:17:22+00:00\" \/>\n<meta name=\"twitter:card\" content=\"summary_large_image\" \/>\n<meta name=\"twitter:label1\" content=\"Gesch\u00e4tzte Lesezeit\" \/>\n\t<meta name=\"twitter:data1\" content=\"3\u00a0Minuten\" \/>\n<script type=\"application\/ld+json\" class=\"yoast-schema-graph\">{\"@context\":\"https:\\\/\\\/schema.org\",\"@graph\":[{\"@type\":\"WebPage\",\"@id\":\"https:\\\/\\\/bio-pina.com\\\/de\\\/zirbelkiefer-bzw-zirbe\\\/\",\"url\":\"https:\\\/\\\/bio-pina.com\\\/de\\\/zirbelkiefer-bzw-zirbe\\\/\",\"name\":\"Zirbe - Biopina\",\"isPartOf\":{\"@id\":\"https:\\\/\\\/bio-pina.com\\\/#website\"},\"datePublished\":\"2022-05-24T16:44:35+00:00\",\"dateModified\":\"2023-02-20T10:17:22+00:00\",\"description\":\"Das Zirbelkieferholz ist hoch gesch\u00e4tzt, denn es ist selten zu finden, schwer zu erreichen und viele wissenschaftliche Studien beweisen seine positiven Wirkungen.\",\"breadcrumb\":{\"@id\":\"https:\\\/\\\/bio-pina.com\\\/de\\\/zirbelkiefer-bzw-zirbe\\\/#breadcrumb\"},\"inLanguage\":\"de\",\"potentialAction\":[{\"@type\":\"ReadAction\",\"target\":[\"https:\\\/\\\/bio-pina.com\\\/de\\\/zirbelkiefer-bzw-zirbe\\\/\"]}]},{\"@type\":\"BreadcrumbList\",\"@id\":\"https:\\\/\\\/bio-pina.com\\\/de\\\/zirbelkiefer-bzw-zirbe\\\/#breadcrumb\",\"itemListElement\":[{\"@type\":\"ListItem\",\"position\":1,\"name\":\"Domov\",\"item\":\"https:\\\/\\\/bio-pina.com\\\/de\\\/biopina\\\/\"},{\"@type\":\"ListItem\",\"position\":2,\"name\":\"Zirbe\"}]},{\"@type\":\"WebSite\",\"@id\":\"https:\\\/\\\/bio-pina.com\\\/#website\",\"url\":\"https:\\\/\\\/bio-pina.com\\\/\",\"name\":\"Biopina\",\"description\":\"Naravne blazine\",\"potentialAction\":[{\"@type\":\"SearchAction\",\"target\":{\"@type\":\"EntryPoint\",\"urlTemplate\":\"https:\\\/\\\/bio-pina.com\\\/?s={search_term_string}\"},\"query-input\":{\"@type\":\"PropertyValueSpecification\",\"valueRequired\":true,\"valueName\":\"search_term_string\"}}],\"inLanguage\":\"de\"}]}<\/script>\n<!-- \/ Yoast SEO plugin. -->","yoast_head_json":{"title":"Zirbe - Biopina","description":"Das Zirbelkieferholz ist hoch gesch\u00e4tzt, denn es ist selten zu finden, schwer zu erreichen und viele wissenschaftliche Studien beweisen seine positiven Wirkungen.","robots":{"index":"index","follow":"follow","max-snippet":"max-snippet:-1","max-image-preview":"max-image-preview:large","max-video-preview":"max-video-preview:-1"},"canonical":"https:\/\/bio-pina.com\/de\/zirbelkiefer-bzw-zirbe\/","og_locale":"de_DE","og_type":"article","og_title":"Zirbe - Biopina","og_description":"Das Zirbelkieferholz ist hoch gesch\u00e4tzt, denn es ist selten zu finden, schwer zu erreichen und viele wissenschaftliche Studien beweisen seine positiven Wirkungen.","og_url":"https:\/\/bio-pina.com\/de\/zirbelkiefer-bzw-zirbe\/","og_site_name":"Biopina","article_modified_time":"2023-02-20T10:17:22+00:00","twitter_card":"summary_large_image","twitter_misc":{"Gesch\u00e4tzte Lesezeit":"3\u00a0Minuten"},"schema":{"@context":"https:\/\/schema.org","@graph":[{"@type":"WebPage","@id":"https:\/\/bio-pina.com\/de\/zirbelkiefer-bzw-zirbe\/","url":"https:\/\/bio-pina.com\/de\/zirbelkiefer-bzw-zirbe\/","name":"Zirbe - Biopina","isPartOf":{"@id":"https:\/\/bio-pina.com\/#website"},"datePublished":"2022-05-24T16:44:35+00:00","dateModified":"2023-02-20T10:17:22+00:00","description":"Das Zirbelkieferholz ist hoch gesch\u00e4tzt, denn es ist selten zu finden, schwer zu erreichen und viele wissenschaftliche Studien beweisen seine positiven Wirkungen.","breadcrumb":{"@id":"https:\/\/bio-pina.com\/de\/zirbelkiefer-bzw-zirbe\/#breadcrumb"},"inLanguage":"de","potentialAction":[{"@type":"ReadAction","target":["https:\/\/bio-pina.com\/de\/zirbelkiefer-bzw-zirbe\/"]}]},{"@type":"BreadcrumbList","@id":"https:\/\/bio-pina.com\/de\/zirbelkiefer-bzw-zirbe\/#breadcrumb","itemListElement":[{"@type":"ListItem","position":1,"name":"Domov","item":"https:\/\/bio-pina.com\/de\/biopina\/"},{"@type":"ListItem","position":2,"name":"Zirbe"}]},{"@type":"WebSite","@id":"https:\/\/bio-pina.com\/#website","url":"https:\/\/bio-pina.com\/","name":"Biopina","description":"Naravne blazine","potentialAction":[{"@type":"SearchAction","target":{"@type":"EntryPoint","urlTemplate":"https:\/\/bio-pina.com\/?s={search_term_string}"},"query-input":{"@type":"PropertyValueSpecification","valueRequired":true,"valueName":"search_term_string"}}],"inLanguage":"de"}]}},"_links":{"self":[{"href":"https:\/\/bio-pina.com\/de\/wp-json\/wp\/v2\/pages\/768","targetHints":{"allow":["GET"]}}],"collection":[{"href":"https:\/\/bio-pina.com\/de\/wp-json\/wp\/v2\/pages"}],"about":[{"href":"https:\/\/bio-pina.com\/de\/wp-json\/wp\/v2\/types\/page"}],"author":[{"embeddable":true,"href":"https:\/\/bio-pina.com\/de\/wp-json\/wp\/v2\/users\/1"}],"replies":[{"embeddable":true,"href":"https:\/\/bio-pina.com\/de\/wp-json\/wp\/v2\/comments?post=768"}],"version-history":[{"count":0,"href":"https:\/\/bio-pina.com\/de\/wp-json\/wp\/v2\/pages\/768\/revisions"}],"wp:attachment":[{"href":"https:\/\/bio-pina.com\/de\/wp-json\/wp\/v2\/media?parent=768"}],"curies":[{"name":"wp","href":"https:\/\/api.w.org\/{rel}","templated":true}]}}