{"id":636,"date":"2022-05-11T17:10:25","date_gmt":"2022-05-11T15:10:25","guid":{"rendered":"https:\/\/bio-pina.com\/ueber-uns\/"},"modified":"2023-02-10T12:57:37","modified_gmt":"2023-02-10T11:57:37","slug":"ueber-uns","status":"publish","type":"page","link":"https:\/\/bio-pina.com\/de\/ueber-uns\/","title":{"rendered":"\u00dcber uns"},"content":{"rendered":"<p>[et_pb_section fb_built=&#8220;1&#8243; _builder_version=&#8220;4.19.5&#8243; background_color=&#8220;rgba(255,255,255,0.59)&#8220; background_image=&#8220;https:\/\/bio-pina.com\/wp-content\/uploads\/2022\/02\/Produktne-26-min-scaled.jpg&#8220; background_blend=&#8220;overlay&#8220; custom_padding=&#8220;13.9%||13.9%||true|false&#8220; collapsed=&#8220;off&#8220; global_colors_info=&#8220;{}&#8220;][et_pb_row _builder_version=&#8220;4.16&#8243; background_size=&#8220;initial&#8220; background_position=&#8220;top_left&#8220; background_repeat=&#8220;repeat&#8220; global_colors_info=&#8220;{}&#8220;][et_pb_column type=&#8220;4_4&#8243; _builder_version=&#8220;4.16&#8243; custom_padding=&#8220;|||&#8220; global_colors_info=&#8220;{}&#8220; custom_padding__hover=&#8220;|||&#8220;][\/et_pb_column][\/et_pb_row][\/et_pb_section][et_pb_section fb_built=&#8220;1&#8243; _builder_version=&#8220;4.17.3&#8243; _module_preset=&#8220;default&#8220; global_colors_info=&#8220;{}&#8220;][et_pb_row column_structure=&#8220;3_5,2_5&#8243; _builder_version=&#8220;4.17.3&#8243; _module_preset=&#8220;default&#8220; global_colors_info=&#8220;{}&#8220;][et_pb_column type=&#8220;3_5&#8243; _builder_version=&#8220;4.17.3&#8243; _module_preset=&#8220;default&#8220; global_colors_info=&#8220;{}&#8220;][et_pb_text _builder_version=&#8220;4.17.3&#8243; _module_preset=&#8220;default&#8220; global_colors_info=&#8220;{}&#8220;]<\/p>\n<h1>Hallo, ich bin Petra.<\/h1>\n<p>[\/et_pb_text][et_pb_text _builder_version=&#8220;4.17.4&#8243; _module_preset=&#8220;default&#8220; text_orientation=&#8220;justified&#8220; global_colors_info=&#8220;{}&#8220;]<\/p>\n<p>Ich bin Mutter von zwei wunderbaren S\u00f6hnen, die meine gr\u00f6\u00dfte Freude sind.<br \/>Ich bin Mutter, die ihren Lebensgef\u00e4hrten, Natur und Tiere liebt.<\/p>\n<p>Meine Geschichte fing mit dem Auftrag an, den mein <a href=\"http:\/\/www.masivno.si\/\">Anton<\/a> f\u00fcr Schlafzimmerm\u00f6bel aus Zirbenholz bekam. Ich wusste, dass Schlafzimmerm\u00f6bel die ganze Zeit einen sch\u00f6nen Duft hat und den Schlaf f\u00f6rdert.<\/p>\n<p>Da ich immer viele Ideen habe, machte ich ein Kissen und f\u00fcllte es mit Zirbensp\u00e4nen. Am Anfang hatte ich das Gef\u00fchl, dass auf Sp\u00e4nen Haustiere schlafen. Dann habe ich einfach daran gedacht, dass die besten Produkte Naturprodukte sind. Mir fiel die folgende Frage ein: Warum soll man auf Plastik schlafen, wenn man Naturmaterial w\u00e4hlen kann.   <\/p>\n<p>Zuerst probierten wir es zu Hause aus. Die Wirkungen von Zirbenholz faszinierten uns sehr. Waldduft, Nadelbaumduft, tiefer Schlaf\u2026 Ich empfehle es allen, die Schlafprobleme haben, allen, die sich gerne mit dem angenehmen Duft verw\u00f6hnen lassen und allen, die sich f\u00fcr gesunden Lebensstil interessieren.  <\/p>\n<p>Die Kissen werden handgemacht, mit viel Aufmerksamkeit und Liebe. Ich verwende nur hochwertige dicht gewebte 100 % Baumwolle f\u00fcr den inneren Bezug und die organische Baumwolle f\u00fcr den \u00e4u\u00dferen Bezug. Die Bez\u00fcge sind mit Rei\u00dfverschl\u00fcssen zusammengen\u00e4ht, damit die F\u00fcllung einfach ausgetauscht oder nachgef\u00fcllt werden kann.  <\/p>\n<p>Die Produkte Biopina sind das Resultat meiner gr\u00f6\u00dften Liebe zur Natur und wenn ich jemanden beeindrucken \u2013 gl\u00fccklicher machen k\u00f6nnte, w\u00e4re das sehr wichtig f\u00fcr mich.<\/p>\n<p>Danke f\u00fcr Ihre Unterst\u00fctzung und danke, weil Sie das gelesen haben. Danke f\u00fcr Ihren Besuch in meiner Verkaufsstelle und danke, weil Ihnen meine Produkte gut gefallen und vor allem danke ich Ihnen f\u00fcr Ihre Eink\u00e4ufe, Ihre konstruktiven R\u00fcckinformationen und ehrlichen Meinungen. <\/p>\n<p>[\/et_pb_text][\/et_pb_column][et_pb_column type=&#8220;2_5&#8243; _builder_version=&#8220;4.17.3&#8243; _module_preset=&#8220;default&#8220; global_colors_info=&#8220;{}&#8220;][et_pb_image src=&#8220;https:\/\/bio-pina.com\/wp-content\/uploads\/2022\/05\/o-meni-biopina.jpeg&#8220; title_text=&#8220;\u00fcber mich biopina&#8220; align=&#8220;center&#8220; _builder_version=&#8220;4.17.3&#8243; _module_preset=&#8220;default&#8220; global_colors_info=&#8220;{}&#8220;][\/et_pb_image][\/et_pb_column][\/et_pb_row][\/et_pb_section][et_pb_section fb_built=&#8220;1&#8243; _builder_version=&#8220;4.17.4&#8243; _module_preset=&#8220;default&#8220; background_color=&#8220;#332921&#8243; background_image=&#8220;https:\/\/bio-pina.com\/wp-content\/uploads\/2022\/05\/Familijarne-18-min-scaled.jpg&#8220; background_blend=&#8220;overlay&#8220; custom_margin=&#8220;||6%||false|false&#8220; custom_padding=&#8220;8%||8%||true|false&#8220; saved_tabs=&#8220;all&#8220; global_colors_info=&#8220;{}&#8220;][et_pb_row column_structure=&#8220;1_2,1_2&#8243; use_custom_gutter=&#8220;on&#8220; gutter_width=&#8220;2&#8243; make_equal=&#8220;on&#8220; _builder_version=&#8220;4.17.4&#8243; _module_preset=&#8220;default&#8220; custom_padding=&#8220;0px||0px||false|false&#8220; global_colors_info=&#8220;{}&#8220;][et_pb_column type=&#8220;1_2&#8243; _builder_version=&#8220;4.17.4&#8243; _module_preset=&#8220;default&#8220; custom_css_main_element=&#8220;margin: auto;&#8220; global_colors_info=&#8220;{}&#8220;][et_pb_text _builder_version=&#8220;4.19.5&#8243; _module_preset=&#8220;default&#8220; header_text_color=&#8220;#FFFFFF&#8220; header_font_size=&#8220;40px&#8220; header_letter_spacing=&#8220;3px&#8220; header_line_height=&#8220;1.3em&#8220; custom_padding=&#8220;7%||||false|false&#8220; header_text_align_tablet=&#8220;center&#8220; header_text_align_phone=&#8220;center&#8220; header_text_align_last_edited=&#8220;on|phone&#8220; global_colors_info=&#8220;{}&#8220;]<\/p>\n<h1>Sie wollen auf dem Laufenden sein<br \/>o Biopina ponudbi?<\/h1>\n<p>[\/et_pb_text][\/et_pb_column][et_pb_column type=&#8220;1_2&#8243; _builder_version=&#8220;4.16&#8243; _module_preset=&#8220;default&#8220; global_colors_info=&#8220;{}&#8220;][et_pb_signup mailchimp_list=&#8220;Petra|ee1fded71f&#8220; name_field=&#8220;on&#8220; success_message=&#8220;Sie haben die News erfolgreich abonniert.&#8220; title=&#8220;Melden Sie sich f\u00fcr die Biopina-News an&#8220; button_text=&#8220;EINLOGGEN&#8220; use_spam_service=&#8220;on&#8220; recaptcha_list=&#8220;Helena Humar|Helena Humar-0&#8243; _builder_version=&#8220;4.17.4&#8243; _module_preset=&#8220;default&#8220; form_field_text_color=&#8220;#97816D&#8220; header_text_align=&#8220;center&#8220; header_font_size=&#8220;24px&#8220; header_letter_spacing=&#8220;1px&#8220; background_enable_color=&#8220;off&#8220; custom_button=&#8220;on&#8220; button_text_size=&#8220;18px&#8220; button_text_color=&#8220;#FFFFFF&#8220; button_bg_color=&#8220;#7C4C24&#8243; button_border_width=&#8220;0px&#8220; button_border_radius=&#8220;0px&#8220; button_letter_spacing=&#8220;2px&#8220; button_use_icon=&#8220;off&#8220; width=&#8220;80%&#8220; width_tablet=&#8220;80%&#8220; width_phone=&#8220;100%&#8220; width_last_edited=&#8220;on|phone&#8220; module_alignment=&#8220;center&#8220; custom_padding=&#8220;2px|||||&#8220; border_radii_fields=&#8220;on|0px|0px|0px|0px&#8220; global_colors_info=&#8220;{}&#8220;][\/et_pb_signup][\/et_pb_column][\/et_pb_row][\/et_pb_section][et_pb_section fb_built=&#8220;1&#8243; _builder_version=&#8220;4.17.3&#8243; _module_preset=&#8220;default&#8220; custom_padding=&#8220;0px|||||&#8220; border_color_top=&#8220;#97816D&#8220; saved_tabs=&#8220;all&#8220; global_colors_info=&#8220;{}&#8220;][et_pb_row _builder_version=&#8220;4.19.5&#8243; _module_preset=&#8220;default&#8220; background_color=&#8220;rgba(255,255,255,0.86)&#8220; background_image=&#8220;https:\/\/bio-pina.com\/wp-content\/uploads\/2022\/05\/IMG_9563-scaled.jpg&#8220; background_blend=&#8220;overlay&#8220; border_width_all=&#8220;1px&#8220; border_color_all=&#8220;#97816D&#8220; global_colors_info=&#8220;{}&#8220;][et_pb_column type=&#8220;4_4&#8243; _builder_version=&#8220;4.16&#8243; _module_preset=&#8220;default&#8220; global_colors_info=&#8220;{}&#8220;][et_pb_text _builder_version=&#8220;4.17.3&#8243; _module_preset=&#8220;default&#8220; header_font=&#8220;|600|||||||&#8220; header_text_align=&#8220;center&#8220; header_text_color=&#8220;#282828&#8243; header_letter_spacing=&#8220;2px&#8220; global_colors_info=&#8220;{}&#8220;]<\/p>\n<h1>Kundenmeinungen<\/h1>\n<p>[\/et_pb_text][dica_divi_carousel show_items_desktop=&#8220;1&#8243; show_items_tablet=&#8220;1&#8243; dot_nav=&#8220;on&#8220; item_spacing=&#8220;27&#8243; item_vertical_align=&#8220;flex-start&#8220; advanced_effect=&#8220;1&#8243; dots_color=&#8220;rgba(151,129,109,0.6)&#8220; dots_active_color=&#8220;#7C4C24&#8243; _builder_version=&#8220;4.17.4&#8243; _module_preset=&#8220;default&#8220; global_colors_info=&#8220;{}&#8220;][dica_divi_carouselitem admin_label=&#8220;mnenje 1&#8243; button_url_new_window=&#8220;1&#8243; use_icon=&#8220;on&#8220; font_icon=&#8220;&#xf2bd;||fa||900&#8243; icon_color=&#8220;#97816D&#8220; use_icon_font_size=&#8220;on&#8220; icon_font_size=&#8220;59px&#8220; content_padding=&#8220;9%||||false|false&#8220; custom_padding=&#8220;5%|5%||5%|false|true&#8220; _builder_version=&#8220;4.17.4&#8243; _module_preset=&#8220;default&#8220; background_enable_color=&#8220;off&#8220; global_colors_info=&#8220;{}&#8220;]<\/p>\n<p style=\"text-align: justify;\">Ich habe das Cemprino Kissen geschenkt bekommen. Als erstes fiel mir ein sehr angenehmer Geruch auf. Dann las ich mehr \u00fcber Cemprin, die Eigenschaften dieser Holzart und vor allem \u00fcber all seine positiven Wirkungen auf Gesundheit und Wohlbefinden. Als ich das erste Mal auf einem Cemprino-Kissen geschlafen habe, habe ich mich davon \u00fcberzeugt, dass es wirklich etwas Besonderes ist. Der Schlaf war ohne aufzuwachen, der Geruch versetzt einen in einen entspannenden Zustand, das Kissen passt sich der Schlafposition an und jetzt wache ich richtig ausgeruht und schl\u00e4frig auf.    <\/p>\n<p style=\"text-align: right;\"><em>-Katja S.<\/em><\/p>\n<p>[\/dica_divi_carouselitem][dica_divi_carouselitem admin_label=&#8220;mnenje 2&#8243; button_url_new_window=&#8220;1&#8243; use_icon=&#8220;on&#8220; font_icon=&#8220;&#xf2bd;||fa||900&#8243; icon_color=&#8220;#97816D&#8220; use_icon_font_size=&#8220;on&#8220; icon_font_size=&#8220;59px&#8220; content_padding=&#8220;9%||||false|false&#8220; custom_padding=&#8220;5%|5%||5%|false|true&#8220; _builder_version=&#8220;4.17.3&#8243; _module_preset=&#8220;default&#8220; background_enable_color=&#8220;off&#8220; global_colors_info=&#8220;{}&#8220;]<\/p>\n<p style=\"text-align: justify;\">Als ich es in dieser wundersch\u00f6n gen\u00e4hten Tasche mit dem beigef\u00fcgten Kleidungsst\u00fcck bekam, war ich wirklich angenehm \u00fcberrascht! Was f\u00fcr ein sch\u00f6nes, n\u00fctzliches und praktisches Geschenk das ist!!! Ein Kissen, auf das man abends voller Sorgen den Kopf legt, das angenehm nach Holz riecht, auf das ich Nacken und Kopf legen kann, wenn es nicht hei\u00df ist&#8230; es ist das Beste f\u00fcr mich. Seitdem ich es habe, habe ich es nicht mehr gegen etwas anderes eingetauscht. Ab und zu nehme ich ihn f\u00fcr eine Weile mit in die Sonne, damit er seine Energie aufnehmen kann. Aber wenn ich andere D\u00fcfte m\u00f6chte, f\u00fcge ich einen Tropfen \u00e4therisches \u00d6l hinzu und der Schlaf ist noch angenehmer. Das Produkt. Es ist ausgezeichnet und ich empfehle es jedem, besonders denen, die ein Kissen suchen, das nicht hei\u00df ist.      <\/p>\n<p style=\"text-align: right;\"><em>-Jana R.<\/em><\/p>\n<p>&nbsp;<\/p>\n<p>[\/dica_divi_carouselitem][dica_divi_carouselitem admin_label=&#8220;mnenje 3&#8243; button_url_new_window=&#8220;1&#8243; use_icon=&#8220;on&#8220; font_icon=&#8220;&#xf2bd;||fa||900&#8243; icon_color=&#8220;#97816D&#8220; use_icon_font_size=&#8220;on&#8220; icon_font_size=&#8220;59px&#8220; content_padding=&#8220;9%||||false|false&#8220; custom_padding=&#8220;5%|5%||5%|false|true&#8220; _builder_version=&#8220;4.17.3&#8243; _module_preset=&#8220;default&#8220; background_enable_color=&#8220;off&#8220; global_colors_info=&#8220;{}&#8220;]<\/p>\n<p style=\"text-align: justify;\">Ich mag das Kissen, weil es komplett aus nat\u00fcrlichen Materialien besteht. Es atmet gut und es ist wirklich angenehm. Am meisten mag ich den Geruch, den es verstr\u00f6mt. Sie k\u00f6nnen nicht anders, als friedlich einzuschlafen.   <\/p>\n<p style=\"text-align: right;\"><em>-Mateja N.<\/em><\/p>\n<p>&nbsp;<\/p>\n<p>[\/dica_divi_carouselitem][\/dica_divi_carousel][\/et_pb_column][\/et_pb_row][\/et_pb_section]<\/p>\n","protected":false},"excerpt":{"rendered":"<p>Hallo, ich bin Petra.Ich bin Mutter von zwei wunderbaren S\u00f6hnen, die meine gr\u00f6\u00dfte Freude sind.Ich bin Mutter, die ihren Lebensgef\u00e4hrten, Natur und Tiere liebt. Meine Geschichte fing mit dem Auftrag an, den mein Anton f\u00fcr Schlafzimmerm\u00f6bel aus Zirbenholz bekam. Ich wusste, dass Schlafzimmerm\u00f6bel die ganze Zeit einen sch\u00f6nen Duft hat und den Schlaf f\u00f6rdert. Da [&hellip;]<\/p>\n","protected":false},"author":1,"featured_media":0,"parent":0,"menu_order":0,"comment_status":"closed","ping_status":"closed","template":"","meta":{"_et_pb_use_builder":"on","_et_pb_old_content":"","_et_gb_content_width":"","footnotes":""},"class_list":["post-636","page","type-page","status-publish","hentry"],"yoast_head":"<!-- This site is optimized with the Yoast SEO plugin v27.4 - https:\/\/yoast.com\/product\/yoast-seo-wordpress\/ -->\n<title>\u00dcber uns - Biopina<\/title>\n<meta name=\"description\" content=\"Biopina Naturkissen mit einer F\u00fcllung aus Zirbelkiefer - Cemprin, die bewirkt, dass wir schneller einschlafen und ausgeruhter aufwachen.\" \/>\n<meta name=\"robots\" content=\"index, follow, max-snippet:-1, max-image-preview:large, max-video-preview:-1\" \/>\n<link rel=\"canonical\" href=\"https:\/\/bio-pina.com\/de\/ueber-uns\/\" \/>\n<meta property=\"og:locale\" content=\"de_DE\" \/>\n<meta property=\"og:type\" content=\"article\" \/>\n<meta property=\"og:title\" content=\"\u00dcber uns - Biopina\" \/>\n<meta property=\"og:description\" content=\"Biopina Naturkissen mit einer F\u00fcllung aus Zirbelkiefer - Cemprin, die bewirkt, dass wir schneller einschlafen und ausgeruhter aufwachen.\" \/>\n<meta property=\"og:url\" content=\"https:\/\/bio-pina.com\/de\/ueber-uns\/\" \/>\n<meta property=\"og:site_name\" content=\"Biopina\" \/>\n<meta property=\"article:modified_time\" content=\"2023-02-10T11:57:37+00:00\" \/>\n<meta name=\"twitter:card\" content=\"summary_large_image\" \/>\n<meta name=\"twitter:label1\" content=\"Gesch\u00e4tzte Lesezeit\" \/>\n\t<meta name=\"twitter:data1\" content=\"4\u00a0Minuten\" \/>\n<script type=\"application\/ld+json\" class=\"yoast-schema-graph\">{\"@context\":\"https:\\\/\\\/schema.org\",\"@graph\":[{\"@type\":\"WebPage\",\"@id\":\"https:\\\/\\\/bio-pina.com\\\/de\\\/ueber-uns\\\/\",\"url\":\"https:\\\/\\\/bio-pina.com\\\/de\\\/ueber-uns\\\/\",\"name\":\"\u00dcber uns - Biopina\",\"isPartOf\":{\"@id\":\"https:\\\/\\\/bio-pina.com\\\/#website\"},\"datePublished\":\"2022-05-11T15:10:25+00:00\",\"dateModified\":\"2023-02-10T11:57:37+00:00\",\"description\":\"Biopina Naturkissen mit einer F\u00fcllung aus Zirbelkiefer - Cemprin, die bewirkt, dass wir schneller einschlafen und ausgeruhter aufwachen.\",\"breadcrumb\":{\"@id\":\"https:\\\/\\\/bio-pina.com\\\/de\\\/ueber-uns\\\/#breadcrumb\"},\"inLanguage\":\"de\",\"potentialAction\":[{\"@type\":\"ReadAction\",\"target\":[\"https:\\\/\\\/bio-pina.com\\\/de\\\/ueber-uns\\\/\"]}]},{\"@type\":\"BreadcrumbList\",\"@id\":\"https:\\\/\\\/bio-pina.com\\\/de\\\/ueber-uns\\\/#breadcrumb\",\"itemListElement\":[{\"@type\":\"ListItem\",\"position\":1,\"name\":\"Domov\",\"item\":\"https:\\\/\\\/bio-pina.com\\\/de\\\/biopina\\\/\"},{\"@type\":\"ListItem\",\"position\":2,\"name\":\"\u00dcber uns\"}]},{\"@type\":\"WebSite\",\"@id\":\"https:\\\/\\\/bio-pina.com\\\/#website\",\"url\":\"https:\\\/\\\/bio-pina.com\\\/\",\"name\":\"Biopina\",\"description\":\"Naravne blazine\",\"potentialAction\":[{\"@type\":\"SearchAction\",\"target\":{\"@type\":\"EntryPoint\",\"urlTemplate\":\"https:\\\/\\\/bio-pina.com\\\/?s={search_term_string}\"},\"query-input\":{\"@type\":\"PropertyValueSpecification\",\"valueRequired\":true,\"valueName\":\"search_term_string\"}}],\"inLanguage\":\"de\"}]}<\/script>\n<!-- \/ Yoast SEO plugin. -->","yoast_head_json":{"title":"\u00dcber uns - Biopina","description":"Biopina Naturkissen mit einer F\u00fcllung aus Zirbelkiefer - Cemprin, die bewirkt, dass wir schneller einschlafen und ausgeruhter aufwachen.","robots":{"index":"index","follow":"follow","max-snippet":"max-snippet:-1","max-image-preview":"max-image-preview:large","max-video-preview":"max-video-preview:-1"},"canonical":"https:\/\/bio-pina.com\/de\/ueber-uns\/","og_locale":"de_DE","og_type":"article","og_title":"\u00dcber uns - Biopina","og_description":"Biopina Naturkissen mit einer F\u00fcllung aus Zirbelkiefer - Cemprin, die bewirkt, dass wir schneller einschlafen und ausgeruhter aufwachen.","og_url":"https:\/\/bio-pina.com\/de\/ueber-uns\/","og_site_name":"Biopina","article_modified_time":"2023-02-10T11:57:37+00:00","twitter_card":"summary_large_image","twitter_misc":{"Gesch\u00e4tzte Lesezeit":"4\u00a0Minuten"},"schema":{"@context":"https:\/\/schema.org","@graph":[{"@type":"WebPage","@id":"https:\/\/bio-pina.com\/de\/ueber-uns\/","url":"https:\/\/bio-pina.com\/de\/ueber-uns\/","name":"\u00dcber uns - Biopina","isPartOf":{"@id":"https:\/\/bio-pina.com\/#website"},"datePublished":"2022-05-11T15:10:25+00:00","dateModified":"2023-02-10T11:57:37+00:00","description":"Biopina Naturkissen mit einer F\u00fcllung aus Zirbelkiefer - Cemprin, die bewirkt, dass wir schneller einschlafen und ausgeruhter aufwachen.","breadcrumb":{"@id":"https:\/\/bio-pina.com\/de\/ueber-uns\/#breadcrumb"},"inLanguage":"de","potentialAction":[{"@type":"ReadAction","target":["https:\/\/bio-pina.com\/de\/ueber-uns\/"]}]},{"@type":"BreadcrumbList","@id":"https:\/\/bio-pina.com\/de\/ueber-uns\/#breadcrumb","itemListElement":[{"@type":"ListItem","position":1,"name":"Domov","item":"https:\/\/bio-pina.com\/de\/biopina\/"},{"@type":"ListItem","position":2,"name":"\u00dcber uns"}]},{"@type":"WebSite","@id":"https:\/\/bio-pina.com\/#website","url":"https:\/\/bio-pina.com\/","name":"Biopina","description":"Naravne blazine","potentialAction":[{"@type":"SearchAction","target":{"@type":"EntryPoint","urlTemplate":"https:\/\/bio-pina.com\/?s={search_term_string}"},"query-input":{"@type":"PropertyValueSpecification","valueRequired":true,"valueName":"search_term_string"}}],"inLanguage":"de"}]}},"_links":{"self":[{"href":"https:\/\/bio-pina.com\/de\/wp-json\/wp\/v2\/pages\/636","targetHints":{"allow":["GET"]}}],"collection":[{"href":"https:\/\/bio-pina.com\/de\/wp-json\/wp\/v2\/pages"}],"about":[{"href":"https:\/\/bio-pina.com\/de\/wp-json\/wp\/v2\/types\/page"}],"author":[{"embeddable":true,"href":"https:\/\/bio-pina.com\/de\/wp-json\/wp\/v2\/users\/1"}],"replies":[{"embeddable":true,"href":"https:\/\/bio-pina.com\/de\/wp-json\/wp\/v2\/comments?post=636"}],"version-history":[{"count":0,"href":"https:\/\/bio-pina.com\/de\/wp-json\/wp\/v2\/pages\/636\/revisions"}],"wp:attachment":[{"href":"https:\/\/bio-pina.com\/de\/wp-json\/wp\/v2\/media?parent=636"}],"curies":[{"name":"wp","href":"https:\/\/api.w.org\/{rel}","templated":true}]}}