{"id":364,"date":"2022-03-13T10:07:01","date_gmt":"2022-03-13T09:07:01","guid":{"rendered":"http:\/\/bio-pina.com\/splosni-pogoji-poslovanja\/"},"modified":"2023-02-10T12:08:39","modified_gmt":"2023-02-10T11:08:39","slug":"splosni-pogoji-poslovanja","status":"publish","type":"page","link":"https:\/\/bio-pina.com\/de\/splosni-pogoji-poslovanja\/","title":{"rendered":"Allgemeine Gesch\u00e4ftsbedingungen"},"content":{"rendered":"<p>[et_pb_section fb_built=&#8220;1&#8243; _builder_version=&#8220;3.22&#8243; global_colors_info=&#8220;{}&#8220;][et_pb_row _builder_version=&#8220;3.25&#8243; background_size=&#8220;initial&#8220; background_position=&#8220;top_left&#8220; background_repeat=&#8220;repeat&#8220; global_colors_info=&#8220;{}&#8220;][et_pb_column type=&#8220;4_4&#8243; _builder_version=&#8220;3.25&#8243; custom_padding=&#8220;|||&#8220; global_colors_info=&#8220;{}&#8220; custom_padding__hover=&#8220;|||&#8220;][et_pb_text _builder_version=&#8220;4.14.9&#8243; _module_preset=&#8220;default&#8220; header_text_align=&#8220;center&#8220; hover_enabled=&#8220;0&#8243; sticky_enabled=&#8220;0&#8243;]<\/p>\n<h1>Allgemeine Gesch\u00e4ftsbedingungen<\/h1>\n<p>[\/et_pb_text][\/et_pb_column][\/et_pb_row][et_pb_row _builder_version=&#8220;4.14.9&#8243; _module_preset=&#8220;default&#8220;][et_pb_column _builder_version=&#8220;4.14.9&#8243; _module_preset=&#8220;default&#8220; type=&#8220;4_4&#8243;][et_pb_text _builder_version=&#8220;4.14.9&#8243; _module_preset=&#8220;default&#8220; hover_enabled=&#8220;0&#8243; sticky_enabled=&#8220;0&#8243;]Die Gesch\u00e4fte des Online-Shops Anton Kosma\u010d s.p. verlaufen gem\u00e4\u00df Bestimmungen des slowenischen Verbraucherschutzgesetzes (ZVPot), des slowenischen E-Commerz- Gesetzes (ZEPT-UPB2) und des slowenischen Datenschutzgesetzes (ZVOP). Die Gesellschaft verwendet keinen Kodex.[\/et_pb_text][\/et_pb_column][\/et_pb_row][et_pb_row _builder_version=&#8220;4.14.9&#8243; _module_preset=&#8220;default&#8220;][et_pb_column _builder_version=&#8220;4.14.9&#8243; _module_preset=&#8220;default&#8220; type=&#8220;4_4&#8243;][et_pb_text _builder_version=&#8220;4.14.9&#8243; _module_preset=&#8220;default&#8220; hover_enabled=&#8220;0&#8243; sticky_enabled=&#8220;0&#8243; header_3_text_color=&#8220;#97816D&#8220;]<\/p>\n<h3>Begriffsbestimmungen<\/h3>\n<p>Der Anbieter ist Anton Kosma\u010d s.p., Hotavlje 1, 4224 Gorenja vas, Steuernummer: 30574374. Der Benutzer ist die Person, die unser System verwendet, also K\u00e4ufer\/in im Online- Shop. Das Online-Shop ist das Informationssystem, das der Produktdarstellung und dem Verkauf von Produkten dem Benutzer dient.[\/et_pb_text][\/et_pb_column][\/et_pb_row][et_pb_row _builder_version=&#8220;4.14.9&#8243; _module_preset=&#8220;default&#8220;][et_pb_column _builder_version=&#8220;4.14.9&#8243; _module_preset=&#8220;default&#8220; type=&#8220;4_4&#8243;][et_pb_text _builder_version=&#8220;4.14.9&#8243; _module_preset=&#8220;default&#8220; hover_enabled=&#8220;0&#8243; sticky_enabled=&#8220;0&#8243; header_3_text_color=&#8220;#97816D&#8220;]<\/p>\n<h3>Zahlung<\/h3>\n<p>Im Online-Shop stehen die folgenden Zahlungsweisen zur Verf\u00fcgung:<\/p>\n<ul>\n<li>Zahlung der Proformarechnung<\/li>\n<li>Zahlung mit einer Kreditkarte mit der Zahlungsverarbeitungsplattform Stripe, die sicheren Zahlungen mit Kreditkarten garantiert (Mastercard, Visa, Maestro in American Express). Nach Erhalt Ihrer Zahlung des Angebotes oder der Proformarechnung, wird die Bestellung weiterverarbeitet.<\/li>\n<\/ul>\n<p>[\/et_pb_text][\/et_pb_column][\/et_pb_row][et_pb_row _builder_version=&#8220;4.14.9&#8243; _module_preset=&#8220;default&#8220;][et_pb_column _builder_version=&#8220;4.14.9&#8243; _module_preset=&#8220;default&#8220; type=&#8220;4_4&#8243;][et_pb_text _builder_version=&#8220;4.14.9&#8243; _module_preset=&#8220;default&#8220; hover_enabled=&#8220;0&#8243; sticky_enabled=&#8220;0&#8243; header_3_text_color=&#8220;#97816D&#8220;]<\/p>\n<h3>Rechnungsstellung<\/h3>\n<p>Anton Kosma\u010d s.p. liefert dem K\u00e4ufer die bestellten Produkte und schickt ihm die Rechnung an seine E-Mail-Adresse. Auf der Rechnung stehen der Preis und alle Kosten des Kaufes einschlie\u00dflich der Information \u00fcber das Widerrufsrecht. Der K\u00e4ufer ist verpflichtet die Daten auf Richtigkeit vor dem Versand zu pr\u00fcfen. Sp\u00e4ter eingelegte Widerspr\u00fcche in Bezug auf die Richtigkeit der erstellten Rechnungen werden nicht ber\u00fccksichtigt.[\/et_pb_text][\/et_pb_column][\/et_pb_row][et_pb_row _builder_version=&#8220;4.14.9&#8243; _module_preset=&#8220;default&#8220;][et_pb_column _builder_version=&#8220;4.14.9&#8243; _module_preset=&#8220;default&#8220; type=&#8220;4_4&#8243;][et_pb_text _builder_version=&#8220;4.14.9&#8243; _module_preset=&#8220;default&#8220; hover_enabled=&#8220;0&#8243; sticky_enabled=&#8220;0&#8243; header_3_text_color=&#8220;#97816D&#8220;]<\/p>\n<h3>Bestellungen<\/h3>\n<p>Online k\u00f6nnen die Produkte 24 Stunden pro Tag, an allen Tagen im Jahr bestellt werden. Der K\u00e4ufer w\u00e4hlt die Produkte aus und bestellt die Produkte, die ihm im Online- Shop in verschiedenen Kategorien zur Verf\u00fcgung stehen. In unserem Online-Shop k\u00f6nnen Produkte sicher und einfach bestellt werden. Der Kauf im Online-Shop Biopina in f\u00fcnf Schritten: Sie w\u00e4hlen das Produkt bzw. die Produkte aus und Sie geben sie in den Warenkorb, dann kontrollieren Sie den Warenkorb, Sie tragen Ihre Lieferadresse und Rechnungsadresse ein, Sie w\u00e4hlen die Lieferungsart und die Zahlungsart und best\u00e4tigen die Bestellung. Die ausgew\u00e4hlten Produkte werden Ihnen an die gew\u00fcnschte Adresse so bald wie m\u00f6glich geliefert.<\/p>\n<p>LIEFERZEIT: 1-3 Werktage nach dem Erhalt der Zahlung<\/p>\n<p>VERSANDKOSTEN:<br \/>\nPostkosten (Po\u0161ta Slovenije) = 3,60 Euro (inkl. MWSt)<br \/>\nVerpacken = kostenlos<br \/>\nKostenloser Versand ab 50 Euro<\/p>\n<p>eingeben und dann klicken Sie GUTSCHEIN EINGEBEN. Bei Klick auf Einkauf abschlie\u00dfen oder Zur Kasse folgt der letzte Schritt zum Einkauf anschlie\u00dfen. Zuerst tragen Sie die Daten des Bezahlers ein (Vorname, Nachname, Unternehmen, wenn Sie eine Rechnung f\u00fcr Ihren Unternehmen m\u00f6chten, dann w\u00e4hlen Sie das Land, tragen Sie die Stra\u00dfe, die PLZ, die Stadt, die Telefonnummer und die E-Mail-Adresse ein). Dann w\u00e4hlen Sie die Lieferadresse, wenn Sie das nicht tun, werden die Produkte an die Rechnungsadresse geliefert. Im Feld Anmerkungen k\u00f6nnen Sie Ihre Anmerkungen eingeben. Unter Ihre Bestellung w\u00e4hlen Sie Lieferung und Zahlungsart. Nachdem Sie unsere Gesch\u00e4ftsbedingungen akzeptiert haben, schlie\u00dfen Sie den Einkauf mit dem Klick auf JETZT KAUFEN ab.<\/p>\n<p>Nachdem der K\u00e4ufer die Bestellung gesendet hat, wird er per E-Mail informiert, dass die Bestellung von uns empfangen wurde. In der E-Mail werden die ausgew\u00e4hlten Produkte und ihre Mengen angef\u00fchrt. Wenn der K\u00e4ufer die Bestellung \u00e4ndern oder stornieren wollte, soll er dar\u00fcber den Anbieter per E-Mail informieren: info@bio-pina.com, er soll die Nummer des Einkaufes anf\u00fchren, die in der E-Best\u00e4tigung angef\u00fchrt wird. Nachdem Sie die Bestellung gesendet haben, erhalten Sie eine E-Mail \u201cDeine Bestellung vom \u2026\u201d, die den Erhalt der Bestellung best\u00e4tigt. Gew\u00f6hnlich erhalten Sie die E-Mail innerhalb von 5 Minuten, manchmal kann das aber wegen verschiedener Einstellungen der E-Mail-Clients l\u00e4nger dauern.[\/et_pb_text][\/et_pb_column][\/et_pb_row][et_pb_row _builder_version=&#8220;4.14.9&#8243; _module_preset=&#8220;default&#8220;][et_pb_column _builder_version=&#8220;4.14.9&#8243; _module_preset=&#8220;default&#8220; type=&#8220;4_4&#8243;][et_pb_text _builder_version=&#8220;4.14.9&#8243; _module_preset=&#8220;default&#8220; hover_enabled=&#8220;0&#8243; sticky_enabled=&#8220;0&#8243; header_3_text_color=&#8220;#97816D&#8220;]<\/p>\n<h3>Sicherheit<\/h3>\n<p>Der Anbieter verwendet die entsprechenden technologischen und organisatorischen Mittel zum Schutz der \u00dcbertragung und Speicherung von pers\u00f6nlichen Daten, Bestellungen und Zahlungen.[\/et_pb_text][\/et_pb_column][\/et_pb_row][et_pb_row _builder_version=&#8220;4.14.9&#8243; _module_preset=&#8220;default&#8220;][et_pb_column _builder_version=&#8220;4.14.9&#8243; _module_preset=&#8220;default&#8220; type=&#8220;4_4&#8243;][et_pb_text _builder_version=&#8220;4.14.9&#8243; _module_preset=&#8220;default&#8220; hover_enabled=&#8220;0&#8243; sticky_enabled=&#8220;0&#8243; header_3_text_color=&#8220;#97816D&#8220;]<\/p>\n<h3>Kommunikation<\/h3>\n<p>Der Anbieter wird den Benutzer per Fernkommunikationsmittel kontaktieren, nur wenn der Benutzer damit einverstanden ist. Die E-Mail-Werbungen werden das Folgende beinhalten: sie werden klar und deutlich als Werbungen bezeichnet werden, der Sender wird klar angef\u00fchrt werden, verschiedene Verkaufsaktionen, Verkaufsf\u00f6rderungen und andere Markttechniken werden als solche bezeichnet. Auch die Teilnahmebedingungen werden klar definiert werden. Den Wunsch des Benutzers, keine E-Mail-Werbungen zu erhalten, wird der Anbieter genau ber\u00fccksichtigen.[\/et_pb_text][\/et_pb_column][\/et_pb_row][et_pb_row _builder_version=&#8220;4.14.9&#8243; _module_preset=&#8220;default&#8220;][et_pb_column _builder_version=&#8220;4.14.9&#8243; _module_preset=&#8220;default&#8220; type=&#8220;4_4&#8243;][et_pb_text _builder_version=&#8220;4.14.9&#8243; _module_preset=&#8220;default&#8220; hover_enabled=&#8220;0&#8243; sticky_enabled=&#8220;0&#8243; header_3_text_color=&#8220;#97816D&#8220;]<\/p>\n<h3>Besch\u00e4digte, zerst\u00f6rte oder verlorene Sendung<\/h3>\n<p>Der Verbraucher hat Recht, innerhalb von 14 Tagen das Unternehmen \u00fcber den R\u00fccktritt vom Vertrag zu informieren. Wenn der Verbraucher die bestellte Ware bereits erhalten hat, soll er dem Unternehmen die Ware sp\u00e4testens innerhalb von 14 Tage nach der Information \u00fcber den R\u00fccktritt vom Vertrag zur\u00fcckgeben. Die Ware gilt als rechtzeitig zur\u00fcckgegeben, wenn der Verbraucher die Ware vor der beendeten 14- t\u00e4gigen R\u00fcckgabefrist zur\u00fcckgibt. Der Verbraucher deckt im Zusammenhang mit dem R\u00fccktritt vom Vertrag nur die Kosten der Warenr\u00fcckgabe. Die Ware soll unver\u00e4ndert zur\u00fcckgegeben werden und unver\u00e4ndert soll auch die Menge der Ware bleiben. Wenn der Verbraucher die erhaltene Ware in der R\u00fccktrittfrist vom Vertrag zur\u00fcckgibt (das bedeutet innerhalb von 14 Tagen nach dem Erhalt der Ware) gilt das Datum der Warenr\u00fcckgabe als Information \u00fcber den R\u00fccktritt vom Vertrag. Die Produkte m\u00fcssen ungenutzt, unbesch\u00e4digt und in der originalen Verpackung zur\u00fcckgegeben werden. Die Zahlung wird so bald wie m\u00f6glich zur\u00fcckgezahlt, sp\u00e4testens aber innerhalb von 14 Tagen nach dem Erhalt der Information \u00fcber den R\u00fccktritt vom Vertrag (unbedingt f\u00fchren Sie die Kontonummer an). Das Unternehmen darf gem\u00e4\u00df Abs. 5, Artikel 43 d des Verbraucherschutzgesetzes (ZVPot) mit der R\u00fcckzahlung der erhaltenen Zahlungen bis zum Erhalt der zur\u00fcckgeschickten Ware warten oder bis der Verbraucher den Beweis vorlegt, dass er die Ware zur\u00fcckgeschickt hat, das gilt aber nicht, wenn das Unternehmen die M\u00f6glichkeit anbietet, dass es selbst die Ware, die zur\u00fcckgegeben werden soll, \u00fcbernehmen kann. Der r\u00fcckgegebenen Ware legen Sie die Kopie der Rechnung, den Garantieschein und unbedingt auch das Formular zum R\u00fccktritt vom Vertrag an.[\/et_pb_text][\/et_pb_column][\/et_pb_row][et_pb_row _builder_version=&#8220;4.14.9&#8243; _module_preset=&#8220;default&#8220;][et_pb_column _builder_version=&#8220;4.14.9&#8243; _module_preset=&#8220;default&#8220; type=&#8220;4_4&#8243;][et_pb_text _builder_version=&#8220;4.14.9&#8243; _module_preset=&#8220;default&#8220; hover_enabled=&#8220;0&#8243; sticky_enabled=&#8220;0&#8243; header_3_text_color=&#8220;#97816D&#8220;]<\/p>\n<h3>Beschwerde<\/h3>\n<p>Wenn der Kunde Probleme hat, kann er eine E-Mail an info@bio-pina.com schicken.<\/p>\n<p>[\/et_pb_text][\/et_pb_column][\/et_pb_row][\/et_pb_section]<\/p>\n","protected":false},"excerpt":{"rendered":"<p>Allgemeine Gesch\u00e4ftsbedingungen Die Gesch\u00e4fte des Online-Shops Anton Kosma\u010d s.p. verlaufen gem\u00e4\u00df Bestimmungen des slowenischen Verbraucherschutzgesetzes (ZVPot), des slowenischen E-Commerz- Gesetzes (ZEPT-UPB2) und des slowenischen Datenschutzgesetzes (ZVOP). Die Gesellschaft verwendet keinen Kodex. Begriffsbestimmungen Der Anbieter ist Anton Kosma\u010d s.p., Hotavlje 1, 4224 Gorenja vas, Steuernummer: 30574374. Der Benutzer ist die Person, die unser System verwendet, also [&hellip;]<\/p>\n","protected":false},"author":1,"featured_media":0,"parent":0,"menu_order":0,"comment_status":"closed","ping_status":"closed","template":"","meta":{"_et_pb_use_builder":"on","_et_pb_old_content":"","_et_gb_content_width":"","footnotes":""},"class_list":["post-364","page","type-page","status-publish","hentry"],"yoast_head":"<!-- This site is optimized with the Yoast SEO plugin v27.6 - https:\/\/yoast.com\/product\/yoast-seo-wordpress\/ -->\n<title>Allgemeine Gesch\u00e4ftsbedingungen - Biopina<\/title>\n<meta name=\"robots\" content=\"index, follow, max-snippet:-1, max-image-preview:large, max-video-preview:-1\" \/>\n<link rel=\"canonical\" href=\"https:\/\/bio-pina.com\/de\/splosni-pogoji-poslovanja\/\" \/>\n<meta property=\"og:locale\" content=\"de_DE\" \/>\n<meta property=\"og:type\" content=\"article\" \/>\n<meta property=\"og:title\" content=\"Allgemeine Gesch\u00e4ftsbedingungen - Biopina\" \/>\n<meta property=\"og:description\" content=\"Allgemeine Gesch\u00e4ftsbedingungen Die Gesch\u00e4fte des Online-Shops Anton Kosma\u010d s.p. verlaufen gem\u00e4\u00df Bestimmungen des slowenischen Verbraucherschutzgesetzes (ZVPot), des slowenischen E-Commerz- Gesetzes (ZEPT-UPB2) und des slowenischen Datenschutzgesetzes (ZVOP). Die Gesellschaft verwendet keinen Kodex. Begriffsbestimmungen Der Anbieter ist Anton Kosma\u010d s.p., Hotavlje 1, 4224 Gorenja vas, Steuernummer: 30574374. Der Benutzer ist die Person, die unser System verwendet, also [&hellip;]\" \/>\n<meta property=\"og:url\" content=\"https:\/\/bio-pina.com\/de\/splosni-pogoji-poslovanja\/\" \/>\n<meta property=\"og:site_name\" content=\"Biopina\" \/>\n<meta property=\"article:modified_time\" content=\"2023-02-10T11:08:39+00:00\" \/>\n<meta name=\"twitter:card\" content=\"summary_large_image\" \/>\n<meta name=\"twitter:label1\" content=\"Gesch\u00e4tzte Lesezeit\" \/>\n\t<meta name=\"twitter:data1\" content=\"5\u00a0Minuten\" \/>\n<script type=\"application\/ld+json\" class=\"yoast-schema-graph\">{\"@context\":\"https:\\\/\\\/schema.org\",\"@graph\":[{\"@type\":\"WebPage\",\"@id\":\"https:\\\/\\\/bio-pina.com\\\/de\\\/splosni-pogoji-poslovanja\\\/\",\"url\":\"https:\\\/\\\/bio-pina.com\\\/de\\\/splosni-pogoji-poslovanja\\\/\",\"name\":\"Allgemeine Gesch\u00e4ftsbedingungen - Biopina\",\"isPartOf\":{\"@id\":\"https:\\\/\\\/bio-pina.com\\\/#website\"},\"datePublished\":\"2022-03-13T09:07:01+00:00\",\"dateModified\":\"2023-02-10T11:08:39+00:00\",\"breadcrumb\":{\"@id\":\"https:\\\/\\\/bio-pina.com\\\/de\\\/splosni-pogoji-poslovanja\\\/#breadcrumb\"},\"inLanguage\":\"de\",\"potentialAction\":[{\"@type\":\"ReadAction\",\"target\":[\"https:\\\/\\\/bio-pina.com\\\/de\\\/splosni-pogoji-poslovanja\\\/\"]}]},{\"@type\":\"BreadcrumbList\",\"@id\":\"https:\\\/\\\/bio-pina.com\\\/de\\\/splosni-pogoji-poslovanja\\\/#breadcrumb\",\"itemListElement\":[{\"@type\":\"ListItem\",\"position\":1,\"name\":\"Domov\",\"item\":\"https:\\\/\\\/bio-pina.com\\\/de\\\/biopina\\\/\"},{\"@type\":\"ListItem\",\"position\":2,\"name\":\"Allgemeine Gesch\u00e4ftsbedingungen\"}]},{\"@type\":\"WebSite\",\"@id\":\"https:\\\/\\\/bio-pina.com\\\/#website\",\"url\":\"https:\\\/\\\/bio-pina.com\\\/\",\"name\":\"Biopina\",\"description\":\"Naravne blazine\",\"potentialAction\":[{\"@type\":\"SearchAction\",\"target\":{\"@type\":\"EntryPoint\",\"urlTemplate\":\"https:\\\/\\\/bio-pina.com\\\/?s={search_term_string}\"},\"query-input\":{\"@type\":\"PropertyValueSpecification\",\"valueRequired\":true,\"valueName\":\"search_term_string\"}}],\"inLanguage\":\"de\"}]}<\/script>\n<!-- \/ Yoast SEO plugin. -->","yoast_head_json":{"title":"Allgemeine Gesch\u00e4ftsbedingungen - Biopina","robots":{"index":"index","follow":"follow","max-snippet":"max-snippet:-1","max-image-preview":"max-image-preview:large","max-video-preview":"max-video-preview:-1"},"canonical":"https:\/\/bio-pina.com\/de\/splosni-pogoji-poslovanja\/","og_locale":"de_DE","og_type":"article","og_title":"Allgemeine Gesch\u00e4ftsbedingungen - Biopina","og_description":"Allgemeine Gesch\u00e4ftsbedingungen Die Gesch\u00e4fte des Online-Shops Anton Kosma\u010d s.p. verlaufen gem\u00e4\u00df Bestimmungen des slowenischen Verbraucherschutzgesetzes (ZVPot), des slowenischen E-Commerz- Gesetzes (ZEPT-UPB2) und des slowenischen Datenschutzgesetzes (ZVOP). Die Gesellschaft verwendet keinen Kodex. Begriffsbestimmungen Der Anbieter ist Anton Kosma\u010d s.p., Hotavlje 1, 4224 Gorenja vas, Steuernummer: 30574374. Der Benutzer ist die Person, die unser System verwendet, also [&hellip;]","og_url":"https:\/\/bio-pina.com\/de\/splosni-pogoji-poslovanja\/","og_site_name":"Biopina","article_modified_time":"2023-02-10T11:08:39+00:00","twitter_card":"summary_large_image","twitter_misc":{"Gesch\u00e4tzte Lesezeit":"5\u00a0Minuten"},"schema":{"@context":"https:\/\/schema.org","@graph":[{"@type":"WebPage","@id":"https:\/\/bio-pina.com\/de\/splosni-pogoji-poslovanja\/","url":"https:\/\/bio-pina.com\/de\/splosni-pogoji-poslovanja\/","name":"Allgemeine Gesch\u00e4ftsbedingungen - Biopina","isPartOf":{"@id":"https:\/\/bio-pina.com\/#website"},"datePublished":"2022-03-13T09:07:01+00:00","dateModified":"2023-02-10T11:08:39+00:00","breadcrumb":{"@id":"https:\/\/bio-pina.com\/de\/splosni-pogoji-poslovanja\/#breadcrumb"},"inLanguage":"de","potentialAction":[{"@type":"ReadAction","target":["https:\/\/bio-pina.com\/de\/splosni-pogoji-poslovanja\/"]}]},{"@type":"BreadcrumbList","@id":"https:\/\/bio-pina.com\/de\/splosni-pogoji-poslovanja\/#breadcrumb","itemListElement":[{"@type":"ListItem","position":1,"name":"Domov","item":"https:\/\/bio-pina.com\/de\/biopina\/"},{"@type":"ListItem","position":2,"name":"Allgemeine Gesch\u00e4ftsbedingungen"}]},{"@type":"WebSite","@id":"https:\/\/bio-pina.com\/#website","url":"https:\/\/bio-pina.com\/","name":"Biopina","description":"Naravne blazine","potentialAction":[{"@type":"SearchAction","target":{"@type":"EntryPoint","urlTemplate":"https:\/\/bio-pina.com\/?s={search_term_string}"},"query-input":{"@type":"PropertyValueSpecification","valueRequired":true,"valueName":"search_term_string"}}],"inLanguage":"de"}]}},"_links":{"self":[{"href":"https:\/\/bio-pina.com\/de\/wp-json\/wp\/v2\/pages\/364","targetHints":{"allow":["GET"]}}],"collection":[{"href":"https:\/\/bio-pina.com\/de\/wp-json\/wp\/v2\/pages"}],"about":[{"href":"https:\/\/bio-pina.com\/de\/wp-json\/wp\/v2\/types\/page"}],"author":[{"embeddable":true,"href":"https:\/\/bio-pina.com\/de\/wp-json\/wp\/v2\/users\/1"}],"replies":[{"embeddable":true,"href":"https:\/\/bio-pina.com\/de\/wp-json\/wp\/v2\/comments?post=364"}],"version-history":[{"count":0,"href":"https:\/\/bio-pina.com\/de\/wp-json\/wp\/v2\/pages\/364\/revisions"}],"wp:attachment":[{"href":"https:\/\/bio-pina.com\/de\/wp-json\/wp\/v2\/media?parent=364"}],"curies":[{"name":"wp","href":"https:\/\/api.w.org\/{rel}","templated":true}]}}