{"id":362,"date":"2022-03-04T18:31:55","date_gmt":"2022-03-04T17:31:55","guid":{"rendered":"http:\/\/bio-pina.com\/seznam-zelja\/"},"modified":"2023-02-10T12:53:54","modified_gmt":"2023-02-10T11:53:54","slug":"wunschliste","status":"publish","type":"page","link":"https:\/\/bio-pina.com\/de\/wunschliste\/","title":{"rendered":"Wunschzettel"},"content":{"rendered":"<p>[et_pb_section fb_built=&#8220;1&#8243; _builder_version=&#8220;4.16&#8243; global_colors_info=&#8220;{}&#8220;][et_pb_row _builder_version=&#8220;4.16&#8243; background_size=&#8220;initial&#8220; background_position=&#8220;top_left&#8220; background_repeat=&#8220;repeat&#8220; global_colors_info=&#8220;{}&#8220;][et_pb_column type=&#8220;4_4&#8243; _builder_version=&#8220;4.16&#8243; custom_padding=&#8220;|||&#8220; global_colors_info=&#8220;{}&#8220; custom_padding__hover=&#8220;|||&#8220;][et_pb_text _builder_version=&#8220;4.16&#8243; header_text_color=&#8220;#97816D&#8220; background_size=&#8220;initial&#8220; background_position=&#8220;top_left&#8220; background_repeat=&#8220;repeat&#8220; global_colors_info=&#8220;{}&#8220;]<\/p>\n<p>[yith_wcwl_wishlist]<\/p>\n<\/p>\n<p>[\/et_pb_text][\/et_pb_column][\/et_pb_row][\/et_pb_section]<\/p>\n","protected":false},"excerpt":{"rendered":"<p>[yith_wcwl_wishlist]<\/p>\n","protected":false},"author":1,"featured_media":0,"parent":0,"menu_order":0,"comment_status":"closed","ping_status":"closed","template":"","meta":{"_et_pb_use_builder":"on","_et_pb_old_content":"","_et_gb_content_width":"","footnotes":""},"class_list":["post-362","page","type-page","status-publish","hentry"],"yoast_head":"<!-- This site is optimized with the Yoast SEO plugin v27.4 - https:\/\/yoast.com\/product\/yoast-seo-wordpress\/ -->\n<title>Wunschzettel - Biopina<\/title>\n<meta name=\"description\" content=\"Anton Kosma\u010d Biopina - Ein vollkommen nat\u00fcrliches Kissen mit angenehmem Geruch aus Sp\u00e4nen der Zirbelkiefer, auf dem Sie nicht schwitzen.\" \/>\n<meta name=\"robots\" content=\"index, follow, max-snippet:-1, max-image-preview:large, max-video-preview:-1\" \/>\n<link rel=\"canonical\" href=\"https:\/\/bio-pina.com\/de\/wunschliste\/\" \/>\n<meta property=\"og:locale\" content=\"de_DE\" \/>\n<meta property=\"og:type\" content=\"article\" \/>\n<meta property=\"og:title\" content=\"Wunschzettel - Biopina\" \/>\n<meta property=\"og:description\" content=\"Anton Kosma\u010d Biopina - Ein vollkommen nat\u00fcrliches Kissen mit angenehmem Geruch aus Sp\u00e4nen der Zirbelkiefer, auf dem Sie nicht schwitzen.\" \/>\n<meta property=\"og:url\" content=\"https:\/\/bio-pina.com\/de\/wunschliste\/\" \/>\n<meta property=\"og:site_name\" content=\"Biopina\" \/>\n<meta property=\"article:modified_time\" content=\"2023-02-10T11:53:54+00:00\" \/>\n<meta name=\"twitter:card\" content=\"summary_large_image\" \/>\n<meta name=\"twitter:label1\" content=\"Gesch\u00e4tzte Lesezeit\" \/>\n\t<meta name=\"twitter:data1\" content=\"1\u00a0Minute\" \/>\n<script type=\"application\/ld+json\" class=\"yoast-schema-graph\">{\"@context\":\"https:\\\/\\\/schema.org\",\"@graph\":[{\"@type\":\"WebPage\",\"@id\":\"https:\\\/\\\/bio-pina.com\\\/de\\\/wunschliste\\\/\",\"url\":\"https:\\\/\\\/bio-pina.com\\\/de\\\/wunschliste\\\/\",\"name\":\"Wunschzettel - Biopina\",\"isPartOf\":{\"@id\":\"https:\\\/\\\/bio-pina.com\\\/#website\"},\"datePublished\":\"2022-03-04T17:31:55+00:00\",\"dateModified\":\"2023-02-10T11:53:54+00:00\",\"description\":\"Anton Kosma\u010d Biopina - Ein vollkommen nat\u00fcrliches Kissen mit angenehmem Geruch aus Sp\u00e4nen der Zirbelkiefer, auf dem Sie nicht schwitzen.\",\"breadcrumb\":{\"@id\":\"https:\\\/\\\/bio-pina.com\\\/de\\\/wunschliste\\\/#breadcrumb\"},\"inLanguage\":\"de\",\"potentialAction\":[{\"@type\":\"ReadAction\",\"target\":[\"https:\\\/\\\/bio-pina.com\\\/de\\\/wunschliste\\\/\"]}]},{\"@type\":\"BreadcrumbList\",\"@id\":\"https:\\\/\\\/bio-pina.com\\\/de\\\/wunschliste\\\/#breadcrumb\",\"itemListElement\":[{\"@type\":\"ListItem\",\"position\":1,\"name\":\"Domov\",\"item\":\"https:\\\/\\\/bio-pina.com\\\/de\\\/biopina\\\/\"},{\"@type\":\"ListItem\",\"position\":2,\"name\":\"Wunschzettel\"}]},{\"@type\":\"WebSite\",\"@id\":\"https:\\\/\\\/bio-pina.com\\\/#website\",\"url\":\"https:\\\/\\\/bio-pina.com\\\/\",\"name\":\"Biopina\",\"description\":\"Naravne blazine\",\"potentialAction\":[{\"@type\":\"SearchAction\",\"target\":{\"@type\":\"EntryPoint\",\"urlTemplate\":\"https:\\\/\\\/bio-pina.com\\\/?s={search_term_string}\"},\"query-input\":{\"@type\":\"PropertyValueSpecification\",\"valueRequired\":true,\"valueName\":\"search_term_string\"}}],\"inLanguage\":\"de\"}]}<\/script>\n<!-- \/ Yoast SEO plugin. -->","yoast_head_json":{"title":"Wunschzettel - Biopina","description":"Anton Kosma\u010d Biopina - Ein vollkommen nat\u00fcrliches Kissen mit angenehmem Geruch aus Sp\u00e4nen der Zirbelkiefer, auf dem Sie nicht schwitzen.","robots":{"index":"index","follow":"follow","max-snippet":"max-snippet:-1","max-image-preview":"max-image-preview:large","max-video-preview":"max-video-preview:-1"},"canonical":"https:\/\/bio-pina.com\/de\/wunschliste\/","og_locale":"de_DE","og_type":"article","og_title":"Wunschzettel - Biopina","og_description":"Anton Kosma\u010d Biopina - Ein vollkommen nat\u00fcrliches Kissen mit angenehmem Geruch aus Sp\u00e4nen der Zirbelkiefer, auf dem Sie nicht schwitzen.","og_url":"https:\/\/bio-pina.com\/de\/wunschliste\/","og_site_name":"Biopina","article_modified_time":"2023-02-10T11:53:54+00:00","twitter_card":"summary_large_image","twitter_misc":{"Gesch\u00e4tzte Lesezeit":"1\u00a0Minute"},"schema":{"@context":"https:\/\/schema.org","@graph":[{"@type":"WebPage","@id":"https:\/\/bio-pina.com\/de\/wunschliste\/","url":"https:\/\/bio-pina.com\/de\/wunschliste\/","name":"Wunschzettel - Biopina","isPartOf":{"@id":"https:\/\/bio-pina.com\/#website"},"datePublished":"2022-03-04T17:31:55+00:00","dateModified":"2023-02-10T11:53:54+00:00","description":"Anton Kosma\u010d Biopina - Ein vollkommen nat\u00fcrliches Kissen mit angenehmem Geruch aus Sp\u00e4nen der Zirbelkiefer, auf dem Sie nicht schwitzen.","breadcrumb":{"@id":"https:\/\/bio-pina.com\/de\/wunschliste\/#breadcrumb"},"inLanguage":"de","potentialAction":[{"@type":"ReadAction","target":["https:\/\/bio-pina.com\/de\/wunschliste\/"]}]},{"@type":"BreadcrumbList","@id":"https:\/\/bio-pina.com\/de\/wunschliste\/#breadcrumb","itemListElement":[{"@type":"ListItem","position":1,"name":"Domov","item":"https:\/\/bio-pina.com\/de\/biopina\/"},{"@type":"ListItem","position":2,"name":"Wunschzettel"}]},{"@type":"WebSite","@id":"https:\/\/bio-pina.com\/#website","url":"https:\/\/bio-pina.com\/","name":"Biopina","description":"Naravne blazine","potentialAction":[{"@type":"SearchAction","target":{"@type":"EntryPoint","urlTemplate":"https:\/\/bio-pina.com\/?s={search_term_string}"},"query-input":{"@type":"PropertyValueSpecification","valueRequired":true,"valueName":"search_term_string"}}],"inLanguage":"de"}]}},"_links":{"self":[{"href":"https:\/\/bio-pina.com\/de\/wp-json\/wp\/v2\/pages\/362","targetHints":{"allow":["GET"]}}],"collection":[{"href":"https:\/\/bio-pina.com\/de\/wp-json\/wp\/v2\/pages"}],"about":[{"href":"https:\/\/bio-pina.com\/de\/wp-json\/wp\/v2\/types\/page"}],"author":[{"embeddable":true,"href":"https:\/\/bio-pina.com\/de\/wp-json\/wp\/v2\/users\/1"}],"replies":[{"embeddable":true,"href":"https:\/\/bio-pina.com\/de\/wp-json\/wp\/v2\/comments?post=362"}],"version-history":[{"count":0,"href":"https:\/\/bio-pina.com\/de\/wp-json\/wp\/v2\/pages\/362\/revisions"}],"wp:attachment":[{"href":"https:\/\/bio-pina.com\/de\/wp-json\/wp\/v2\/media?parent=362"}],"curies":[{"name":"wp","href":"https:\/\/api.w.org\/{rel}","templated":true}]}}