{"id":1017,"date":"2023-02-09T10:10:54","date_gmt":"2023-02-09T09:10:54","guid":{"rendered":"https:\/\/bio-pina.com\/zirbenkissen\/"},"modified":"2023-02-10T12:56:13","modified_gmt":"2023-02-10T11:56:13","slug":"zirbenkissen","status":"publish","type":"page","link":"https:\/\/bio-pina.com\/de\/zirbenkissen\/","title":{"rendered":"ZIRBENKISSEN"},"content":{"rendered":"<p>[et_pb_section fb_built=&#8220;1&#8243; admin_label=&#8220;section&#8220; _builder_version=&#8220;4.19.5&#8243; background_color=&#8220;rgba(255,255,255,0.59)&#8220; background_image=&#8220;https:\/\/bio-pina.com\/wp-content\/uploads\/2022\/02\/vzglavnik1.jpeg&#8220; background_blend=&#8220;overlay&#8220; custom_padding=&#8220;8%||8%||true|false&#8220; global_colors_info=&#8220;{}&#8220;][et_pb_row admin_label=&#8220;row&#8220; _builder_version=&#8220;4.16&#8243; background_size=&#8220;initial&#8220; background_position=&#8220;top_left&#8220; background_repeat=&#8220;repeat&#8220; global_colors_info=&#8220;{}&#8220;][et_pb_column type=&#8220;4_4&#8243; _builder_version=&#8220;4.16&#8243; custom_padding=&#8220;|||&#8220; global_colors_info=&#8220;{}&#8220; custom_padding__hover=&#8220;|||&#8220;][et_pb_post_title meta=&#8220;off&#8220; featured_image=&#8220;off&#8220; _builder_version=&#8220;4.19.5&#8243; _module_preset=&#8220;default&#8220; title_font=&#8220;|600|||||||&#8220; title_text_align=&#8220;center&#8220; title_text_color=&#8220;#7C4C24&#8243; title_font_size=&#8220;35px&#8220; title_font_size_tablet=&#8220;35px&#8220; title_font_size_phone=&#8220;30px&#8220; title_font_size_last_edited=&#8220;on|phone&#8220; title_text_shadow_style=&#8220;preset1&#8243; title_text_shadow_vertical_length=&#8220;0.05em&#8220; title_text_shadow_color=&#8220;rgba(255,255,255,0.4)&#8220; global_colors_info=&#8220;{}&#8220;][\/et_pb_post_title][\/et_pb_column][\/et_pb_row][\/et_pb_section][et_pb_section fb_built=&#8220;1&#8243; _builder_version=&#8220;4.16&#8243; _module_preset=&#8220;default&#8220; global_colors_info=&#8220;{}&#8220;][et_pb_row _builder_version=&#8220;4.16&#8243; _module_preset=&#8220;default&#8220; global_colors_info=&#8220;{}&#8220;][et_pb_column type=&#8220;4_4&#8243; _builder_version=&#8220;4.16&#8243; _module_preset=&#8220;default&#8220; global_colors_info=&#8220;{}&#8220;][et_pb_shop type=&#8220;product_category&#8220; posts_number=&#8220;36&#8243; include_categories=&#8220;60&#8243; columns_number=&#8220;4&#8243; orderby=&#8220;date&#8220; sale_badge_color=&#8220;#97816D&#8220; icon_hover_color=&#8220;rgba(124,76,36,0)&#8220; hover_overlay_color=&#8220;rgba(151,129,109,0.45)&#8220; hover_icon=&#8220;&#x4c;||divi||400&#8243; show_rating=&#8220;off&#8220; _builder_version=&#8220;4.19.5&#8243; _module_preset=&#8220;default&#8220; title_font=&#8220;Lato||||||||&#8220; title_text_align=&#8220;center&#8220; title_font_size=&#8220;16px&#8220; price_text_align=&#8220;center&#8220; price_text_color=&#8220;#7C4C24&#8243; price_font_size=&#8220;18px&#8220; sale_badge_text_color=&#8220;#FFFFFF&#8220; sale_badge_letter_spacing=&#8220;1px&#8220; global_colors_info=&#8220;{}&#8220;][\/et_pb_shop][\/et_pb_column][\/et_pb_row][\/et_pb_section]<\/p>\n","protected":false},"excerpt":{"rendered":"","protected":false},"author":1,"featured_media":0,"parent":0,"menu_order":0,"comment_status":"closed","ping_status":"closed","template":"","meta":{"_et_pb_use_builder":"on","_et_pb_old_content":"","_et_gb_content_width":"","footnotes":""},"class_list":["post-1017","page","type-page","status-publish","hentry"],"yoast_head":"<!-- This site is optimized with the Yoast SEO plugin v27.4 - https:\/\/yoast.com\/product\/yoast-seo-wordpress\/ -->\n<title>ZIRBENKISSEN - Biopina<\/title>\n<meta name=\"description\" content=\"Zirbenkissen Biopina f\u00fcr erholsamen Schlaf und s\u00fc\u00dfe Tr\u00e4ume. G\u00f6nnen Sie sich und Ihrem Baby den besten Schlaf.\" \/>\n<meta name=\"robots\" content=\"index, follow, max-snippet:-1, max-image-preview:large, max-video-preview:-1\" \/>\n<link rel=\"canonical\" href=\"https:\/\/bio-pina.com\/de\/zirbenkissen\/\" \/>\n<meta property=\"og:locale\" content=\"de_DE\" \/>\n<meta property=\"og:type\" content=\"article\" \/>\n<meta property=\"og:title\" content=\"ZIRBENKISSEN - Biopina\" \/>\n<meta property=\"og:description\" content=\"Zirbenkissen Biopina f\u00fcr erholsamen Schlaf und s\u00fc\u00dfe Tr\u00e4ume. G\u00f6nnen Sie sich und Ihrem Baby den besten Schlaf.\" \/>\n<meta property=\"og:url\" content=\"https:\/\/bio-pina.com\/de\/zirbenkissen\/\" \/>\n<meta property=\"og:site_name\" content=\"Biopina\" \/>\n<meta property=\"article:modified_time\" content=\"2023-02-10T11:56:13+00:00\" \/>\n<meta name=\"twitter:card\" content=\"summary_large_image\" \/>\n<meta name=\"twitter:label1\" content=\"Gesch\u00e4tzte Lesezeit\" \/>\n\t<meta name=\"twitter:data1\" content=\"1\u00a0Minute\" \/>\n<script type=\"application\/ld+json\" class=\"yoast-schema-graph\">{\"@context\":\"https:\\\/\\\/schema.org\",\"@graph\":[{\"@type\":\"WebPage\",\"@id\":\"https:\\\/\\\/bio-pina.com\\\/de\\\/zirbenkissen\\\/\",\"url\":\"https:\\\/\\\/bio-pina.com\\\/de\\\/zirbenkissen\\\/\",\"name\":\"ZIRBENKISSEN - Biopina\",\"isPartOf\":{\"@id\":\"https:\\\/\\\/bio-pina.com\\\/#website\"},\"datePublished\":\"2023-02-09T09:10:54+00:00\",\"dateModified\":\"2023-02-10T11:56:13+00:00\",\"description\":\"Zirbenkissen Biopina f\u00fcr erholsamen Schlaf und s\u00fc\u00dfe Tr\u00e4ume. G\u00f6nnen Sie sich und Ihrem Baby den besten Schlaf.\",\"breadcrumb\":{\"@id\":\"https:\\\/\\\/bio-pina.com\\\/de\\\/zirbenkissen\\\/#breadcrumb\"},\"inLanguage\":\"de\",\"potentialAction\":[{\"@type\":\"ReadAction\",\"target\":[\"https:\\\/\\\/bio-pina.com\\\/de\\\/zirbenkissen\\\/\"]}]},{\"@type\":\"BreadcrumbList\",\"@id\":\"https:\\\/\\\/bio-pina.com\\\/de\\\/zirbenkissen\\\/#breadcrumb\",\"itemListElement\":[{\"@type\":\"ListItem\",\"position\":1,\"name\":\"Domov\",\"item\":\"https:\\\/\\\/bio-pina.com\\\/de\\\/biopina\\\/\"},{\"@type\":\"ListItem\",\"position\":2,\"name\":\"ZIRBENKISSEN\"}]},{\"@type\":\"WebSite\",\"@id\":\"https:\\\/\\\/bio-pina.com\\\/#website\",\"url\":\"https:\\\/\\\/bio-pina.com\\\/\",\"name\":\"Biopina\",\"description\":\"Naravne blazine\",\"potentialAction\":[{\"@type\":\"SearchAction\",\"target\":{\"@type\":\"EntryPoint\",\"urlTemplate\":\"https:\\\/\\\/bio-pina.com\\\/?s={search_term_string}\"},\"query-input\":{\"@type\":\"PropertyValueSpecification\",\"valueRequired\":true,\"valueName\":\"search_term_string\"}}],\"inLanguage\":\"de\"}]}<\/script>\n<!-- \/ Yoast SEO plugin. -->","yoast_head_json":{"title":"ZIRBENKISSEN - Biopina","description":"Zirbenkissen Biopina f\u00fcr erholsamen Schlaf und s\u00fc\u00dfe Tr\u00e4ume. G\u00f6nnen Sie sich und Ihrem Baby den besten Schlaf.","robots":{"index":"index","follow":"follow","max-snippet":"max-snippet:-1","max-image-preview":"max-image-preview:large","max-video-preview":"max-video-preview:-1"},"canonical":"https:\/\/bio-pina.com\/de\/zirbenkissen\/","og_locale":"de_DE","og_type":"article","og_title":"ZIRBENKISSEN - Biopina","og_description":"Zirbenkissen Biopina f\u00fcr erholsamen Schlaf und s\u00fc\u00dfe Tr\u00e4ume. G\u00f6nnen Sie sich und Ihrem Baby den besten Schlaf.","og_url":"https:\/\/bio-pina.com\/de\/zirbenkissen\/","og_site_name":"Biopina","article_modified_time":"2023-02-10T11:56:13+00:00","twitter_card":"summary_large_image","twitter_misc":{"Gesch\u00e4tzte Lesezeit":"1\u00a0Minute"},"schema":{"@context":"https:\/\/schema.org","@graph":[{"@type":"WebPage","@id":"https:\/\/bio-pina.com\/de\/zirbenkissen\/","url":"https:\/\/bio-pina.com\/de\/zirbenkissen\/","name":"ZIRBENKISSEN - Biopina","isPartOf":{"@id":"https:\/\/bio-pina.com\/#website"},"datePublished":"2023-02-09T09:10:54+00:00","dateModified":"2023-02-10T11:56:13+00:00","description":"Zirbenkissen Biopina f\u00fcr erholsamen Schlaf und s\u00fc\u00dfe Tr\u00e4ume. G\u00f6nnen Sie sich und Ihrem Baby den besten Schlaf.","breadcrumb":{"@id":"https:\/\/bio-pina.com\/de\/zirbenkissen\/#breadcrumb"},"inLanguage":"de","potentialAction":[{"@type":"ReadAction","target":["https:\/\/bio-pina.com\/de\/zirbenkissen\/"]}]},{"@type":"BreadcrumbList","@id":"https:\/\/bio-pina.com\/de\/zirbenkissen\/#breadcrumb","itemListElement":[{"@type":"ListItem","position":1,"name":"Domov","item":"https:\/\/bio-pina.com\/de\/biopina\/"},{"@type":"ListItem","position":2,"name":"ZIRBENKISSEN"}]},{"@type":"WebSite","@id":"https:\/\/bio-pina.com\/#website","url":"https:\/\/bio-pina.com\/","name":"Biopina","description":"Naravne blazine","potentialAction":[{"@type":"SearchAction","target":{"@type":"EntryPoint","urlTemplate":"https:\/\/bio-pina.com\/?s={search_term_string}"},"query-input":{"@type":"PropertyValueSpecification","valueRequired":true,"valueName":"search_term_string"}}],"inLanguage":"de"}]}},"_links":{"self":[{"href":"https:\/\/bio-pina.com\/de\/wp-json\/wp\/v2\/pages\/1017","targetHints":{"allow":["GET"]}}],"collection":[{"href":"https:\/\/bio-pina.com\/de\/wp-json\/wp\/v2\/pages"}],"about":[{"href":"https:\/\/bio-pina.com\/de\/wp-json\/wp\/v2\/types\/page"}],"author":[{"embeddable":true,"href":"https:\/\/bio-pina.com\/de\/wp-json\/wp\/v2\/users\/1"}],"replies":[{"embeddable":true,"href":"https:\/\/bio-pina.com\/de\/wp-json\/wp\/v2\/comments?post=1017"}],"version-history":[{"count":0,"href":"https:\/\/bio-pina.com\/de\/wp-json\/wp\/v2\/pages\/1017\/revisions"}],"wp:attachment":[{"href":"https:\/\/bio-pina.com\/de\/wp-json\/wp\/v2\/media?parent=1017"}],"curies":[{"name":"wp","href":"https:\/\/api.w.org\/{rel}","templated":true}]}}